{"id":4222,"date":"2021-04-10T22:48:00","date_gmt":"2021-04-10T22:48:00","guid":{"rendered":"https:\/\/essentials.pixfort.com\/company-elementor\/?page_id=4222"},"modified":"2025-05-12T13:49:59","modified_gmt":"2025-05-12T10:49:59","slug":"hakkimda","status":"publish","type":"page","link":"https:\/\/diyetisyencemileaktas.com\/?page_id=4222","title":{"rendered":"Hakk\u0131mda"},"content":{"rendered":"\t\t<div data-elementor-type=\"wp-page\" data-elementor-id=\"4222\" class=\"elementor elementor-4222\">\n\t\t\t\t\t\t<section class=\"elementor-section elementor-top-section elementor-element elementor-element-8f8cbf2 elementor-section-boxed elementor-section-height-default elementor-section-height-default\" data-id=\"8f8cbf2\" data-element_type=\"section\" data-settings=\"{&quot;background_background&quot;:&quot;classic&quot;}\">\n\t\t\t\t\t\t<div class=\"elementor-container elementor-column-gap-default\">\n\t\t\t\t\t<div class=\"elementor-column elementor-col-50 elementor-top-column elementor-element elementor-element-d3c7260\" data-id=\"d3c7260\" data-element_type=\"column\">\n\t\t\t<div class=\"elementor-widget-wrap elementor-element-populated\">\n\t\t\t\t\t\t<div class=\"elementor-element elementor-element-fc7eeb4 elementor-widget elementor-widget-pix-highlighted-text\" data-id=\"fc7eeb4\" data-element_type=\"widget\" data-widget_type=\"pix-highlighted-text.default\">\n\t\t\t\t<div class=\"elementor-widget-container\">\n\t\t\t<div id=\"highlighted-text-115810050\" class=\"pix-highlighted-element text-left \"><h2 class=\"pix-highlighted-items \" style=\"\" data-anim-type=\"\" data-anim-delay=\"\"><span id=\"highlighted-text-115810050-0\" class=\" elementor-repeater-item-d38df35\"><span class=\"pix-highlighted-text pix-highlight-item font-weight-normal  heading-font text-heading-default\">Daha \u0130yi Bir Ya\u015fam \u0130\u00e7in <\/span><\/span><span id=\"highlighted-text-115810050-1\" class=\"pix-highlight-bg align-middle2   elementor-repeater-item-b2f5606 highlighted-text-115810050-1 animate-in\" data-anim-type=\"highlight-grow\" data-anim-delay=\"200\"><span class=\"pix-highlighted-text  pix-highlight-item font-weight-normal  font-weight-bold heading-font text-heading-default\">Diyetisyen <br>Cemile Akta\u015f<\/span><\/span><\/h2><\/div>\t\t<\/div>\n\t\t\t\t<\/div>\n\t\t\t\t<div class=\"elementor-element elementor-element-91c63b1 elementor-widget elementor-widget-pix-button\" data-id=\"91c63b1\" data-element_type=\"widget\" data-widget_type=\"pix-button.default\">\n\t\t\t\t<div class=\"elementor-widget-container\">\n\t\t\t<a  href=\"https:\/\/diyetisyencemileaktas.com\/iletisim\/\" class=\"btn m-0     btn-secondary-light d-inline-block     btn-rounded btn-lg\"     ><span class=\"font-weight-bold \" >Randevu - \u0130leti\u015fim<\/span><\/a>\t\t<\/div>\n\t\t\t\t<\/div>\n\t\t\t\t\t<\/div>\n\t\t<\/div>\n\t\t\t\t<div class=\"elementor-column elementor-col-50 elementor-top-column elementor-element elementor-element-a26110f\" data-id=\"a26110f\" data-element_type=\"column\">\n\t\t\t<div class=\"elementor-widget-wrap elementor-element-populated\">\n\t\t\t\t\t\t<div class=\"elementor-element elementor-element-d95372e elementor-invisible elementor-widget elementor-widget-pix-photo-stack\" data-id=\"d95372e\" data-element_type=\"widget\" data-widget_type=\"pix-photo-stack.default\">\n\t\t\t\t<div class=\"elementor-widget-container\">\n\t\t\t<div class=\"pix-photo-stack pix-img-2 \"><div class=\"img-el\" ><div class=\"w-100 pix-bounce-sm pix-duration-slow\"><div class=\"animate-in d-inline-block w-100\" data-anim-type=\"fade-in-up\" data-anim-delay=\"400\"><div class=\"tilt\"><img loading=\"lazy\" decoding=\"async\" width=\"2560\" height=\"2356\" class=\"pix-lazy rounded-lg shadow-lg shadow-hover-lg scale-sm d-inline-block\" loading=\"lazy\" data-srcset=\"https:\/\/diyetisyencemileaktas.com\/wp-content\/uploads\/2025\/05\/c9e0ed38-ebe5-4dc0-9cce-0fef75eef0da-300x276.jpg 300w, https:\/\/diyetisyencemileaktas.com\/wp-content\/uploads\/2025\/05\/c9e0ed38-ebe5-4dc0-9cce-0fef75eef0da-1024x942.jpg 1024w, https:\/\/diyetisyencemileaktas.com\/wp-content\/uploads\/2025\/05\/c9e0ed38-ebe5-4dc0-9cce-0fef75eef0da-768x707.jpg 768w, https:\/\/diyetisyencemileaktas.com\/wp-content\/uploads\/2025\/05\/c9e0ed38-ebe5-4dc0-9cce-0fef75eef0da-1536x1414.jpg 1536w, https:\/\/diyetisyencemileaktas.com\/wp-content\/uploads\/2025\/05\/c9e0ed38-ebe5-4dc0-9cce-0fef75eef0da-2048x1885.jpg 2048w\" src=\"https:\/\/diyetisyencemileaktas.com\/wp-content\/plugins\/pixfort-core\/functions\/images\/loading.webp\" data-src=\"https:\/\/diyetisyencemileaktas.com\/wp-content\/uploads\/2025\/05\/c9e0ed38-ebe5-4dc0-9cce-0fef75eef0da-scaled.jpg\" alt=\"Stack\" \/><\/div><\/div><\/div><\/div><div class=\"img-el\" ><div class=\"w-100 pix-bounce-sm pix-duration-slow\"><div class=\"animate-in d-inline-block w-100\" data-anim-type=\"fade-in-up\" data-anim-delay=\"500\"><div class=\"tilt\"><img loading=\"lazy\" decoding=\"async\" width=\"2467\" height=\"2560\" class=\"pix-lazy rounded-lg shadow-lg shadow-hover-lg scale-sm d-inline-block\" loading=\"lazy\" data-srcset=\"https:\/\/diyetisyencemileaktas.com\/wp-content\/uploads\/2025\/05\/268f5b71-0bdd-49ad-a95d-bf3578d4a272-289x300.jpg 289w, https:\/\/diyetisyencemileaktas.com\/wp-content\/uploads\/2025\/05\/268f5b71-0bdd-49ad-a95d-bf3578d4a272-987x1024.jpg 987w, https:\/\/diyetisyencemileaktas.com\/wp-content\/uploads\/2025\/05\/268f5b71-0bdd-49ad-a95d-bf3578d4a272-768x797.jpg 768w, https:\/\/diyetisyencemileaktas.com\/wp-content\/uploads\/2025\/05\/268f5b71-0bdd-49ad-a95d-bf3578d4a272-1480x1536.jpg 1480w, https:\/\/diyetisyencemileaktas.com\/wp-content\/uploads\/2025\/05\/268f5b71-0bdd-49ad-a95d-bf3578d4a272-1974x2048.jpg 1974w\" src=\"https:\/\/diyetisyencemileaktas.com\/wp-content\/plugins\/pixfort-core\/functions\/images\/loading.webp\" data-src=\"https:\/\/diyetisyencemileaktas.com\/wp-content\/uploads\/2025\/05\/268f5b71-0bdd-49ad-a95d-bf3578d4a272-scaled.jpg\" alt=\"Stack\" \/><\/div><\/div><\/div><\/div><\/div>\t\t<\/div>\n\t\t\t\t<\/div>\n\t\t\t\t\t<\/div>\n\t\t<\/div>\n\t\t\t\t\t<\/div>\n\t\t<\/section>\n\t\t\t\t<section class=\"elementor-section elementor-top-section elementor-element elementor-element-1a8c33f elementor-section-full_width elementor-section-height-default elementor-section-height-default\" data-id=\"1a8c33f\" data-element_type=\"section\">\n\t\t\t\t\t\t<div class=\"elementor-container elementor-column-gap-no\">\n\t\t\t\t\t<div class=\"elementor-column elementor-col-100 elementor-top-column elementor-element elementor-element-24b945c\" data-id=\"24b945c\" data-element_type=\"column\">\n\t\t\t<div class=\"elementor-widget-wrap elementor-element-populated\">\n\t\t\t\t\t\t<div class=\"elementor-element elementor-element-418ddcf elementor-widget elementor-widget-pix-dividers\" data-id=\"418ddcf\" data-element_type=\"widget\" data-widget_type=\"pix-dividers.default\">\n\t\t\t\t<div class=\"elementor-widget-container\">\n\t\t\t<div class=\"pix-divider  position-relative pix-bottom-divider\" data-style=\"style-8\" ><svg xmlns=\"http:\/\/www.w3.org\/2000\/svg\" width=\"100%\" height=\"300px\" viewBox=\"0 0 1200 366\" preserveAspectRatio=\"none\"><polygon fill=\"url(#divider-pix-accordion-391690-bottom-overlay-layer-3)\" points=\"0 240 1200 0 1200 366 0 366\" \/><polygon fill=\"url(#divider-pix-accordion-391690-bottom-overlay-layer-2)\" points=\"0 300 1200 60 1200 366 0 366\"  \/><polygon fill=\"#ffffff\" points=\"0 360 1200 120 1200 366 0 366\"\/><defs><linearGradient id=\"divider-pix-accordion-391690-bottom-overlay-layer-3\" x1=\"0%\" y1=\"0%\" x2=\"100%\" y2=\"0%\"><stop offset=\"0%\"   stop-color=\"#00000014\"\/><stop offset=\"100%\"   stop-color=\"#FFFFFF03\"\/><\/linearGradient><linearGradient id=\"divider-pix-accordion-391690-bottom-overlay-layer-2\" x1=\"0%\" y1=\"0%\" x2=\"100%\" y2=\"0%\"><stop offset=\"0%\"   stop-color=\"#FFFFFF03\"\/><stop offset=\"100%\"   stop-color=\"#FFFFFF03\"\/><\/linearGradient><\/defs><\/svg><\/div>\t\t<\/div>\n\t\t\t\t<\/div>\n\t\t\t\t\t<\/div>\n\t\t<\/div>\n\t\t\t\t\t<\/div>\n\t\t<\/section>\n\t\t\t\t<section class=\"elementor-section elementor-top-section elementor-element elementor-element-6ffcc64 elementor-section-boxed elementor-section-height-default elementor-section-height-default\" data-id=\"6ffcc64\" data-element_type=\"section\">\n\t\t\t\t\t\t<div class=\"elementor-container elementor-column-gap-default\">\n\t\t\t\t\t<div class=\"elementor-column elementor-col-100 elementor-top-column elementor-element elementor-element-c89df35\" data-id=\"c89df35\" data-element_type=\"column\">\n\t\t\t<div class=\"elementor-widget-wrap elementor-element-populated\">\n\t\t\t\t\t\t<section class=\"elementor-section elementor-inner-section elementor-element elementor-element-eddb38c elementor-section-boxed elementor-section-height-default elementor-section-height-default\" data-id=\"eddb38c\" data-element_type=\"section\">\n\t\t\t\t\t\t<div class=\"elementor-container elementor-column-gap-default\">\n\t\t\t\t\t<div class=\"elementor-column elementor-col-100 elementor-inner-column elementor-element elementor-element-a5fa361\" data-id=\"a5fa361\" data-element_type=\"column\">\n\t\t\t<div class=\"elementor-widget-wrap elementor-element-populated\">\n\t\t\t\t\t\t<div class=\"elementor-element elementor-element-a1fda3b elementor-widget elementor-widget-pix-highlighted-text\" data-id=\"a1fda3b\" data-element_type=\"widget\" data-widget_type=\"pix-highlighted-text.default\">\n\t\t\t\t<div class=\"elementor-widget-container\">\n\t\t\t<div id=\"highlighted-text-22264537\" class=\"pix-highlighted-element text-center \"><div class=\"d-inline-block\" style=\"max-width:600px;\"><h2 class=\"pix-highlighted-items \" style=\"\" data-anim-type=\"\" data-anim-delay=\"\"><span id=\"highlighted-text-22264537-0\" class=\"pix-highlight-bg align-middle2   elementor-repeater-item-b2f5606 highlighted-text-22264537-0 animate-in\" data-anim-type=\"highlight-grow\" data-anim-delay=\"200\"><span class=\"pix-highlighted-text  pix-highlight-item font-weight-normal  font-weight-bold heading-font text-heading-default\">Hakk\u0131mda<\/span><\/span><\/h2><\/div><\/div>\t\t<\/div>\n\t\t\t\t<\/div>\n\t\t\t\t\t<\/div>\n\t\t<\/div>\n\t\t\t\t\t<\/div>\n\t\t<\/section>\n\t\t\t\t\t<\/div>\n\t\t<\/div>\n\t\t\t\t\t<\/div>\n\t\t<\/section>\n\t\t\t\t<section class=\"elementor-section elementor-top-section elementor-element elementor-element-26d4f46 elementor-section-boxed elementor-section-height-default elementor-section-height-default\" data-id=\"26d4f46\" data-element_type=\"section\">\n\t\t\t\t\t\t<div class=\"elementor-container elementor-column-gap-default\">\n\t\t\t\t\t<div class=\"elementor-column elementor-col-50 elementor-top-column elementor-element elementor-element-b180d2e\" data-id=\"b180d2e\" data-element_type=\"column\">\n\t\t\t<div class=\"elementor-widget-wrap elementor-element-populated\">\n\t\t\t\t\t\t<div class=\"elementor-element elementor-element-f4d7fe9 elementor-invisible elementor-widget elementor-widget-pix-text\" data-id=\"f4d7fe9\" data-element_type=\"widget\" data-widget_type=\"pix-text.default\">\n\t\t\t\t<div class=\"elementor-widget-container\">\n\t\t\t<div class=\"pix-el-text w-100 text-left \" ><p class=\"resp-option text-left \"><div class=\" animate-in d-inline-block\" data-anim-delay=\"200\" data-anim-type=\"fade-in-up\"><h6>Merhaba ben Fonksiyonel T\u0131p Diyetisyeni Cemile Akta\u015f, liseye kadar olan e\u011fitimimi Ku\u015fadas\u0131\u2019nda tamamlad\u0131ktan sonra 2019 y\u0131l\u0131nda Hacettepe \u00dcniversitesi Beslenme ve Diyetetik b\u00f6l\u00fcm\u00fcnden \u015feref \u00f6\u011frencisi olarak mezun oldum.<\/h6><h6>\u00a0<\/h6><h6>\u00dcniversiteden mezun olduktan sonra mesleki\u00a0hayat\u0131ma\u00a0 Ku\u015fadas\u0131nda fonksiyonel t\u0131p hekimleriyle \u00e7al\u0131\u015farak ba\u015flad\u0131m. Endokrinoloji\u00a0ve metabolizma hastal\u0131klar\u0131\u00a0doktoru \u0130le Kardiyoloji uzman\u0131\u00a0doktorlar\u0131n\u0131n yan\u0131nda yakla\u015f\u0131k 2,5 sene boyunca fonksiyonel beslenme alan\u0131nda hizmet verdim. Sonras\u0131nda kendi klini\u011fime ge\u00e7erek hizmetime burada devam ediyorum.<\/h6><\/div><\/p><\/div>\t\t<\/div>\n\t\t\t\t<\/div>\n\t\t\t\t<div class=\"elementor-element elementor-element-7d85e75 elementor-widget elementor-widget-pix-button\" data-id=\"7d85e75\" data-element_type=\"widget\" data-widget_type=\"pix-button.default\">\n\t\t\t\t<div class=\"elementor-widget-container\">\n\t\t\t<a  href=\"https:\/\/diyetisyencemileaktas.com\/hizmetler\/\" class=\"btn m-0     shadow-sm btn-secondary d-inline-block pix-hover-item      btn-rounded btn-lg\"     ><i class=\"font-weight-bold pixicon-bars-menu  pix-hover-left  mr-1\"><\/i> <span class=\"font-weight-bold \" >Hizmetleri \u0130nceleyin...<\/span><\/a>\t\t<\/div>\n\t\t\t\t<\/div>\n\t\t\t\t\t<\/div>\n\t\t<\/div>\n\t\t\t\t<div class=\"elementor-column elementor-col-50 elementor-top-column elementor-element elementor-element-8c38ac3\" data-id=\"8c38ac3\" data-element_type=\"column\">\n\t\t\t<div class=\"elementor-widget-wrap elementor-element-populated\">\n\t\t\t\t\t\t<div class=\"elementor-element elementor-element-e3a3fd2 elementor-widget elementor-widget-pix-img\" data-id=\"e3a3fd2\" data-element_type=\"widget\" data-widget_type=\"pix-img.default\">\n\t\t\t\t<div class=\"elementor-widget-container\">\n\t\t\t<div class=\"d-inline-block \" ><div class=\"pix-img-el    shadow-lg shadow-hover-lg scale-sm text-center d-inline-block  w-100 rounded-10\"  data-jarallax-element=\"25 0\" data-xaxis=\"25\" data-yaxis=\"0\"><img fetchpriority=\"high\" decoding=\"async\" class=\"card-img2 pix-img-elem rounded-10  h-1002\" style=\"height:auto;\" width=\"1920\" height=\"2560\" srcset=\"https:\/\/diyetisyencemileaktas.com\/wp-content\/uploads\/2025\/05\/79ce803c-e95b-4b09-b010-fbf1f56d00c4-scaled.jpg 1920w, https:\/\/diyetisyencemileaktas.com\/wp-content\/uploads\/2025\/05\/79ce803c-e95b-4b09-b010-fbf1f56d00c4-225x300.jpg 225w, https:\/\/diyetisyencemileaktas.com\/wp-content\/uploads\/2025\/05\/79ce803c-e95b-4b09-b010-fbf1f56d00c4-768x1024.jpg 768w, https:\/\/diyetisyencemileaktas.com\/wp-content\/uploads\/2025\/05\/79ce803c-e95b-4b09-b010-fbf1f56d00c4-1152x1536.jpg 1152w, https:\/\/diyetisyencemileaktas.com\/wp-content\/uploads\/2025\/05\/79ce803c-e95b-4b09-b010-fbf1f56d00c4-1536x2048.jpg 1536w\" sizes=\"(max-width: 1920px) 100vw, 1920px\" src=\"https:\/\/diyetisyencemileaktas.com\/wp-content\/uploads\/2025\/05\/79ce803c-e95b-4b09-b010-fbf1f56d00c4-scaled.jpg\" alt=\"Image\" \/><\/div><\/div>\t\t<\/div>\n\t\t\t\t<\/div>\n\t\t\t\t\t<\/div>\n\t\t<\/div>\n\t\t\t\t\t<\/div>\n\t\t<\/section>\n\t\t\t\t<section class=\"elementor-section elementor-top-section elementor-element elementor-element-3dd6e1b elementor-section-boxed elementor-section-height-default elementor-section-height-default\" data-id=\"3dd6e1b\" data-element_type=\"section\">\n\t\t\t\t\t\t<div class=\"elementor-container elementor-column-gap-default\">\n\t\t\t\t\t<div class=\"elementor-column elementor-col-50 elementor-top-column elementor-element elementor-element-1cd31a5\" data-id=\"1cd31a5\" data-element_type=\"column\">\n\t\t\t<div class=\"elementor-widget-wrap elementor-element-populated\">\n\t\t\t\t\t\t<div class=\"elementor-element elementor-element-6f263e1 elementor-widget elementor-widget-pix-img\" data-id=\"6f263e1\" data-element_type=\"widget\" data-widget_type=\"pix-img.default\">\n\t\t\t\t<div class=\"elementor-widget-container\">\n\t\t\t<div class=\"d-inline-block \" ><div class=\"pix-img-el    shadow-lg shadow-hover-lg scale-sm text-center d-inline-block  w-100 rounded-10\"  data-jarallax-element=\"25 0\" data-xaxis=\"25\" data-yaxis=\"0\"><img decoding=\"async\" class=\"card-img2 pix-img-elem rounded-10  h-1002\" style=\"height:auto;\" width=\"1920\" height=\"2560\" srcset=\"https:\/\/diyetisyencemileaktas.com\/wp-content\/uploads\/2025\/05\/fa358000-95f9-4620-86c5-3a5176f96905-scaled.jpg 1920w, https:\/\/diyetisyencemileaktas.com\/wp-content\/uploads\/2025\/05\/fa358000-95f9-4620-86c5-3a5176f96905-225x300.jpg 225w, https:\/\/diyetisyencemileaktas.com\/wp-content\/uploads\/2025\/05\/fa358000-95f9-4620-86c5-3a5176f96905-768x1024.jpg 768w, https:\/\/diyetisyencemileaktas.com\/wp-content\/uploads\/2025\/05\/fa358000-95f9-4620-86c5-3a5176f96905-1152x1536.jpg 1152w, https:\/\/diyetisyencemileaktas.com\/wp-content\/uploads\/2025\/05\/fa358000-95f9-4620-86c5-3a5176f96905-1536x2048.jpg 1536w\" sizes=\"(max-width: 1920px) 100vw, 1920px\" src=\"https:\/\/diyetisyencemileaktas.com\/wp-content\/uploads\/2025\/05\/fa358000-95f9-4620-86c5-3a5176f96905-scaled.jpg\" alt=\"Image\" \/><\/div><\/div>\t\t<\/div>\n\t\t\t\t<\/div>\n\t\t\t\t\t<\/div>\n\t\t<\/div>\n\t\t\t\t<div class=\"elementor-column elementor-col-50 elementor-top-column elementor-element elementor-element-e2c260c\" data-id=\"e2c260c\" data-element_type=\"column\">\n\t\t\t<div class=\"elementor-widget-wrap elementor-element-populated\">\n\t\t\t\t\t\t<div class=\"elementor-element elementor-element-4b817d2 elementor-invisible elementor-widget elementor-widget-pix-text\" data-id=\"4b817d2\" data-element_type=\"widget\" data-widget_type=\"pix-text.default\">\n\t\t\t\t<div class=\"elementor-widget-container\">\n\t\t\t<div class=\"pix-el-text w-100 text-left \" ><p class=\"resp-option text-left \"><div class=\" animate-in d-inline-block\" data-anim-delay=\"200\" data-anim-type=\"fade-in-up\"><h6>Diyabet,\u00a0tiroit,\u00a0polikistik over sendromu,\u00a0egzama,\u00a0romatizmal hastal\u0131klar,\u00a0vitiligo,\u00a0egzama,\u00a0\u00fcrtiker,\u00a0\u00fclser,\u00a0crohn,\u00a0irritable ba\u011f\u0131rsak sendromu,\u00a0sibo,\u00a0candida,\u00a0kalp hastal\u0131klar\u0131,\u00a0tansiyon hastas\u0131\u00a0dan\u0131\u015fanlar\u0131\u00a0aktif olarak \u00e7al\u0131\u015ft\u0131\u011f\u0131m\u00a0alanlard\u0131r.<\/h6><h6>\u00a0<\/h6><h6>Bunlar\u0131n yan\u0131nda obezite ve sa\u011fl\u0131kl\u0131\u00a0kilo\u00a0verme alan\u0131\u00a0da en \u00e7ok \u00e7al\u0131\u015ft\u0131\u011f\u0131m\u00a0alanlardan.\u00a0Bu s\u00fcre\u00e7te bir\u00e7ok dan\u0131\u015fanla yol ald\u0131m.\u00a0Fonksiyonel beslenme bak\u0131\u015f a\u00e7\u0131s\u0131yla hedefledi\u011fimiz kilolara ula\u015ft\u0131k.\u00a0En \u00f6nemlisi\u00a0bu kilolar\u0131\u00a0koruduk.\u00a0<\/h6><h6>\u00a0<\/h6><h6>Ayn\u0131\u00a0\u015fekilde kilo alma,\u00a0sporcu beslenmesi,\u00a0gebe beslenmesi,\u00e7ocuk beslenmesi\u00a0alanlar\u0131nda da \u00e7al\u0131\u015fmaktay\u0131m. Hem y\u00fcz y\u00fcze hem online \u015fekilde dan\u0131\u015fan kabul etmekteyim.<\/h6><\/div><\/p><\/div>\t\t<\/div>\n\t\t\t\t<\/div>\n\t\t\t\t\t<\/div>\n\t\t<\/div>\n\t\t\t\t\t<\/div>\n\t\t<\/section>\n\t\t\t\t<\/div>\n\t\t","protected":false},"excerpt":{"rendered":"<p>Daha \u0130yi Bir Ya\u015fam \u0130\u00e7in Diyetisyen Cemile Akta\u015f Randevu &#8211; \u0130leti\u015fim Hakk\u0131mda Merhaba ben Fonksiyonel T\u0131p Diyetisyeni Cemile Akta\u015f, liseye kadar olan e\u011fitimimi Ku\u015fadas\u0131\u2019nda tamamlad\u0131ktan sonra 2019 y\u0131l\u0131nda Hacettepe \u00dcniversitesi Beslenme ve Diyetetik b\u00f6l\u00fcm\u00fcnden \u015feref \u00f6\u011frencisi olarak mezun oldum. \u00a0&#8230;<\/p>\n","protected":false},"author":1,"featured_media":0,"parent":0,"menu_order":0,"comment_status":"closed","ping_status":"closed","template":"","meta":{"footnotes":""},"class_list":["post-4222","page","type-page","status-publish","hentry"],"yoast_head":"<!-- This site is optimized with the Yoast SEO plugin v23.8 - https:\/\/yoast.com\/wordpress\/plugins\/seo\/ -->\n<title>Hakk\u0131mda - Diyetisyen Cemile Akta\u015f K\u00f6se<\/title>\n<meta name=\"description\" content=\"Diyetisyen Cemile Akta\u015f kimdir ? Nas\u0131l ileti\u015fime ge\u00e7erim ? Nas\u0131l randevu alabilirim ? Hangi uzmanl\u0131k alan\u0131nda hizmet veriyor ?\" \/>\n<meta name=\"robots\" content=\"index, follow, max-snippet:-1, max-image-preview:large, max-video-preview:-1\" \/>\n<link rel=\"canonical\" href=\"https:\/\/diyetisyencemileaktas.com\/?page_id=4222\" \/>\n<meta property=\"og:locale\" content=\"tr_TR\" \/>\n<meta property=\"og:type\" content=\"article\" \/>\n<meta property=\"og:title\" content=\"Hakk\u0131mda - Diyetisyen Cemile Akta\u015f K\u00f6se\" \/>\n<meta property=\"og:description\" content=\"Diyetisyen Cemile Akta\u015f kimdir ? Nas\u0131l ileti\u015fime ge\u00e7erim ? Nas\u0131l randevu alabilirim ? Hangi uzmanl\u0131k alan\u0131nda hizmet veriyor ?\" \/>\n<meta property=\"og:url\" content=\"https:\/\/diyetisyencemileaktas.com\/?page_id=4222\" \/>\n<meta property=\"og:site_name\" content=\"Diyetisyen Cemile Akta\u015f K\u00f6se\" \/>\n<meta property=\"article:modified_time\" content=\"2025-05-12T10:49:59+00:00\" \/>\n<meta property=\"og:image\" content=\"https:\/\/diyetisyencemileaktas.com\/wp-content\/plugins\/pixfort-core\/functions\/images\/loading.webp\" \/>\n<meta name=\"twitter:card\" content=\"summary_large_image\" \/>\n<meta name=\"twitter:label1\" content=\"Tahmini okuma s\u00fcresi\" \/>\n\t<meta name=\"twitter:data1\" content=\"2 dakika\" \/>\n<script type=\"application\/ld+json\" class=\"yoast-schema-graph\">{\"@context\":\"https:\/\/schema.org\",\"@graph\":[{\"@type\":\"WebPage\",\"@id\":\"https:\/\/diyetisyencemileaktas.com\/?page_id=4222\",\"url\":\"https:\/\/diyetisyencemileaktas.com\/?page_id=4222\",\"name\":\"Hakk\u0131mda - Diyetisyen Cemile Akta\u015f K\u00f6se\",\"isPartOf\":{\"@id\":\"https:\/\/diyetisyencemileaktas.com\/#website\"},\"primaryImageOfPage\":{\"@id\":\"https:\/\/diyetisyencemileaktas.com\/?page_id=4222#primaryimage\"},\"image\":{\"@id\":\"https:\/\/diyetisyencemileaktas.com\/?page_id=4222#primaryimage\"},\"thumbnailUrl\":\"https:\/\/diyetisyencemileaktas.com\/wp-content\/plugins\/pixfort-core\/functions\/images\/loading.webp\",\"datePublished\":\"2021-04-10T22:48:00+00:00\",\"dateModified\":\"2025-05-12T10:49:59+00:00\",\"description\":\"Diyetisyen Cemile Akta\u015f kimdir ? Nas\u0131l ileti\u015fime ge\u00e7erim ? Nas\u0131l randevu alabilirim ? Hangi uzmanl\u0131k alan\u0131nda hizmet veriyor ?\",\"breadcrumb\":{\"@id\":\"https:\/\/diyetisyencemileaktas.com\/?page_id=4222#breadcrumb\"},\"inLanguage\":\"tr\",\"potentialAction\":[{\"@type\":\"ReadAction\",\"target\":[\"https:\/\/diyetisyencemileaktas.com\/?page_id=4222\"]}]},{\"@type\":\"ImageObject\",\"inLanguage\":\"tr\",\"@id\":\"https:\/\/diyetisyencemileaktas.com\/?page_id=4222#primaryimage\",\"url\":\"https:\/\/diyetisyencemileaktas.com\/wp-content\/plugins\/pixfort-core\/functions\/images\/loading.webp\",\"contentUrl\":\"https:\/\/diyetisyencemileaktas.com\/wp-content\/plugins\/pixfort-core\/functions\/images\/loading.webp\"},{\"@type\":\"BreadcrumbList\",\"@id\":\"https:\/\/diyetisyencemileaktas.com\/?page_id=4222#breadcrumb\",\"itemListElement\":[{\"@type\":\"ListItem\",\"position\":1,\"name\":\"Anasayfa\",\"item\":\"https:\/\/diyetisyencemileaktas.com\/\"},{\"@type\":\"ListItem\",\"position\":2,\"name\":\"Hakk\u0131mda\"}]},{\"@type\":\"WebSite\",\"@id\":\"https:\/\/diyetisyencemileaktas.com\/#website\",\"url\":\"https:\/\/diyetisyencemileaktas.com\/\",\"name\":\"Diyetisyen Cemile Akta\u015f K\u00f6se\",\"description\":\"\",\"potentialAction\":[{\"@type\":\"SearchAction\",\"target\":{\"@type\":\"EntryPoint\",\"urlTemplate\":\"https:\/\/diyetisyencemileaktas.com\/?s={search_term_string}\"},\"query-input\":{\"@type\":\"PropertyValueSpecification\",\"valueRequired\":true,\"valueName\":\"search_term_string\"}}],\"inLanguage\":\"tr\"}]}<\/script>\n<!-- \/ Yoast SEO plugin. -->","yoast_head_json":{"title":"Hakk\u0131mda - Diyetisyen Cemile Akta\u015f K\u00f6se","description":"Diyetisyen Cemile Akta\u015f kimdir ? Nas\u0131l ileti\u015fime ge\u00e7erim ? Nas\u0131l randevu alabilirim ? Hangi uzmanl\u0131k alan\u0131nda hizmet veriyor ?","robots":{"index":"index","follow":"follow","max-snippet":"max-snippet:-1","max-image-preview":"max-image-preview:large","max-video-preview":"max-video-preview:-1"},"canonical":"https:\/\/diyetisyencemileaktas.com\/?page_id=4222","og_locale":"tr_TR","og_type":"article","og_title":"Hakk\u0131mda - Diyetisyen Cemile Akta\u015f K\u00f6se","og_description":"Diyetisyen Cemile Akta\u015f kimdir ? Nas\u0131l ileti\u015fime ge\u00e7erim ? Nas\u0131l randevu alabilirim ? Hangi uzmanl\u0131k alan\u0131nda hizmet veriyor ?","og_url":"https:\/\/diyetisyencemileaktas.com\/?page_id=4222","og_site_name":"Diyetisyen Cemile Akta\u015f K\u00f6se","article_modified_time":"2025-05-12T10:49:59+00:00","og_image":[{"url":"https:\/\/diyetisyencemileaktas.com\/wp-content\/plugins\/pixfort-core\/functions\/images\/loading.webp"}],"twitter_card":"summary_large_image","twitter_misc":{"Tahmini okuma s\u00fcresi":"2 dakika"},"schema":{"@context":"https:\/\/schema.org","@graph":[{"@type":"WebPage","@id":"https:\/\/diyetisyencemileaktas.com\/?page_id=4222","url":"https:\/\/diyetisyencemileaktas.com\/?page_id=4222","name":"Hakk\u0131mda - Diyetisyen Cemile Akta\u015f K\u00f6se","isPartOf":{"@id":"https:\/\/diyetisyencemileaktas.com\/#website"},"primaryImageOfPage":{"@id":"https:\/\/diyetisyencemileaktas.com\/?page_id=4222#primaryimage"},"image":{"@id":"https:\/\/diyetisyencemileaktas.com\/?page_id=4222#primaryimage"},"thumbnailUrl":"https:\/\/diyetisyencemileaktas.com\/wp-content\/plugins\/pixfort-core\/functions\/images\/loading.webp","datePublished":"2021-04-10T22:48:00+00:00","dateModified":"2025-05-12T10:49:59+00:00","description":"Diyetisyen Cemile Akta\u015f kimdir ? Nas\u0131l ileti\u015fime ge\u00e7erim ? Nas\u0131l randevu alabilirim ? Hangi uzmanl\u0131k alan\u0131nda hizmet veriyor ?","breadcrumb":{"@id":"https:\/\/diyetisyencemileaktas.com\/?page_id=4222#breadcrumb"},"inLanguage":"tr","potentialAction":[{"@type":"ReadAction","target":["https:\/\/diyetisyencemileaktas.com\/?page_id=4222"]}]},{"@type":"ImageObject","inLanguage":"tr","@id":"https:\/\/diyetisyencemileaktas.com\/?page_id=4222#primaryimage","url":"https:\/\/diyetisyencemileaktas.com\/wp-content\/plugins\/pixfort-core\/functions\/images\/loading.webp","contentUrl":"https:\/\/diyetisyencemileaktas.com\/wp-content\/plugins\/pixfort-core\/functions\/images\/loading.webp"},{"@type":"BreadcrumbList","@id":"https:\/\/diyetisyencemileaktas.com\/?page_id=4222#breadcrumb","itemListElement":[{"@type":"ListItem","position":1,"name":"Anasayfa","item":"https:\/\/diyetisyencemileaktas.com\/"},{"@type":"ListItem","position":2,"name":"Hakk\u0131mda"}]},{"@type":"WebSite","@id":"https:\/\/diyetisyencemileaktas.com\/#website","url":"https:\/\/diyetisyencemileaktas.com\/","name":"Diyetisyen Cemile Akta\u015f K\u00f6se","description":"","potentialAction":[{"@type":"SearchAction","target":{"@type":"EntryPoint","urlTemplate":"https:\/\/diyetisyencemileaktas.com\/?s={search_term_string}"},"query-input":{"@type":"PropertyValueSpecification","valueRequired":true,"valueName":"search_term_string"}}],"inLanguage":"tr"}]}},"_links":{"self":[{"href":"https:\/\/diyetisyencemileaktas.com\/index.php?rest_route=\/wp\/v2\/pages\/4222","targetHints":{"allow":["GET"]}}],"collection":[{"href":"https:\/\/diyetisyencemileaktas.com\/index.php?rest_route=\/wp\/v2\/pages"}],"about":[{"href":"https:\/\/diyetisyencemileaktas.com\/index.php?rest_route=\/wp\/v2\/types\/page"}],"author":[{"embeddable":true,"href":"https:\/\/diyetisyencemileaktas.com\/index.php?rest_route=\/wp\/v2\/users\/1"}],"replies":[{"embeddable":true,"href":"https:\/\/diyetisyencemileaktas.com\/index.php?rest_route=%2Fwp%2Fv2%2Fcomments&post=4222"}],"version-history":[{"count":29,"href":"https:\/\/diyetisyencemileaktas.com\/index.php?rest_route=\/wp\/v2\/pages\/4222\/revisions"}],"predecessor-version":[{"id":4682,"href":"https:\/\/diyetisyencemileaktas.com\/index.php?rest_route=\/wp\/v2\/pages\/4222\/revisions\/4682"}],"wp:attachment":[{"href":"https:\/\/diyetisyencemileaktas.com\/index.php?rest_route=%2Fwp%2Fv2%2Fmedia&parent=4222"}],"curies":[{"name":"wp","href":"https:\/\/api.w.org\/{rel}","templated":true}]}}