{"id":4449,"date":"2024-11-11T00:33:39","date_gmt":"2024-11-10T21:33:39","guid":{"rendered":"https:\/\/diyetisyencemileaktas.com\/?page_id=4449"},"modified":"2024-11-11T02:16:37","modified_gmt":"2024-11-10T23:16:37","slug":"yuzyuze-beslenme-danismanligi","status":"publish","type":"page","link":"https:\/\/diyetisyencemileaktas.com\/?page_id=4449","title":{"rendered":"Y\u00fczy\u00fcze Beslenme Dan\u0131\u015fmanl\u0131\u011f\u0131"},"content":{"rendered":"\t\t<div data-elementor-type=\"wp-page\" data-elementor-id=\"4449\" class=\"elementor elementor-4449\">\n\t\t\t\t\t\t<section class=\"elementor-section elementor-top-section elementor-element elementor-element-9bd9cef bg-secondary-light elementor-section-boxed elementor-section-height-default elementor-section-height-default\" data-id=\"9bd9cef\" data-element_type=\"section\">\n\t\t\t\t\t\t<div class=\"elementor-container elementor-column-gap-default\">\n\t\t\t\t\t<div class=\"elementor-column elementor-col-50 elementor-top-column elementor-element elementor-element-804a914\" data-id=\"804a914\" data-element_type=\"column\">\n\t\t\t<div class=\"elementor-widget-wrap elementor-element-populated\">\n\t\t\t\t\t\t<div class=\"elementor-element elementor-element-afb4196 elementor-widget elementor-widget-pix-highlighted-text\" data-id=\"afb4196\" data-element_type=\"widget\" data-widget_type=\"pix-highlighted-text.default\">\n\t\t\t\t<div class=\"elementor-widget-container\">\n\t\t\t<div id=\"highlighted-text-100556173\" class=\"pix-highlighted-element text-left \"><h2 class=\"pix-highlighted-items \" style=\"\" data-anim-type=\"\" data-anim-delay=\"\"><span id=\"highlighted-text-100556173-0\" class=\" elementor-repeater-item-d38df35\"><span class=\"pix-highlighted-text pix-highlight-item font-weight-normal  heading-font text-heading-default\">Y\u00fczy\u00fcze <\/span><\/span><span id=\"highlighted-text-100556173-1\" class=\"pix-highlight-bg align-middle2   elementor-repeater-item-b2f5606 highlighted-text-100556173-1 animate-in\" data-anim-type=\"highlight-grow\" data-anim-delay=\"200\"><span class=\"pix-highlighted-text  pix-highlight-item font-weight-normal  font-weight-bold heading-font text-heading-default\">Beslenme <\/span><\/span><span id=\"highlighted-text-100556173-2\" class=\" elementor-repeater-item-3d6442b\"><span class=\"pix-highlighted-text pix-highlight-item font-weight-normal  heading-font text-heading-default\">Dan\u0131\u015fmanl\u0131\u011f\u0131<\/span><\/span><\/h2><\/div>\t\t<\/div>\n\t\t\t\t<\/div>\n\t\t\t\t<div class=\"elementor-element elementor-element-3ccf8c2 elementor-widget elementor-widget-pix-text\" data-id=\"3ccf8c2\" data-element_type=\"widget\" data-widget_type=\"pix-text.default\">\n\t\t\t\t<div class=\"elementor-widget-container\">\n\t\t\t<div class=\"pix-el-text w-100 text-left \" ><p class=\"resp-option text-left \"><p>\u0130lk g\u00f6r\u00fc\u015fmemizde, sizleri ayr\u0131nt\u0131l\u0131 olarak tan\u0131yorum. Ondan dolay\u0131 yakla\u015f\u0131k 45 dk-1 saat kadar bir zaman al\u0131yor.<\/p><p>\u00a0<\/p><p>Profesyonel v\u00fccut analizi cihaz\u0131mla \u00f6l\u00e7\u00fcmlerinizi al\u0131yor ve kan tahlillerinizi de de\u011ferlendirerek size uygun beslenme program\u0131n\u0131 olu\u015fturuyorum.<\/p><\/p><\/div>\t\t<\/div>\n\t\t\t\t<\/div>\n\t\t\t\t<div class=\"elementor-element elementor-element-c00c8aa elementor-widget__width-auto elementor-widget elementor-widget-pix-button\" data-id=\"c00c8aa\" data-element_type=\"widget\" data-widget_type=\"pix-button.default\">\n\t\t\t\t<div class=\"elementor-widget-container\">\n\t\t\t<a  href=\"https:\/\/diyetisyencemileaktas.com\/hizmetler\/\" class=\"btn m-0     shadow-sm btn-secondary d-inline-block pix-hover-item       btn-lg\"     ><i class=\"font-weight-bold pixicon-bars-menu  pix-hover-left  mr-1\"><\/i> <span class=\"font-weight-bold \" >Hizmetler<\/span><\/a>\t\t<\/div>\n\t\t\t\t<\/div>\n\t\t\t\t<div class=\"elementor-element elementor-element-d9a8184 elementor-widget__width-auto elementor-widget elementor-widget-pix-button\" data-id=\"d9a8184\" data-element_type=\"widget\" data-widget_type=\"pix-button.default\">\n\t\t\t\t<div class=\"elementor-widget-container\">\n\t\t\t<a  href=\"https:\/\/diyetisyencemileaktas.com\/iletisim\/\" class=\"btn m-0     shadow-sm text-heading-default btn-white d-inline-block pix-hover-item       btn-lg\"     ><i class=\"font-weight-bold pixicon-phone  pix-hover-left  mr-1\"><\/i> <span class=\"font-weight-bold \" >\u0130leti\u015fim<\/span><\/a>\t\t<\/div>\n\t\t\t\t<\/div>\n\t\t\t\t\t<\/div>\n\t\t<\/div>\n\t\t\t\t<div class=\"elementor-column elementor-col-50 elementor-top-column elementor-element elementor-element-b91a593\" data-id=\"b91a593\" data-element_type=\"column\">\n\t\t\t<div class=\"elementor-widget-wrap elementor-element-populated\">\n\t\t\t\t\t\t<div class=\"elementor-element elementor-element-62048a4 elementor-widget elementor-widget-pix-img\" data-id=\"62048a4\" data-element_type=\"widget\" data-widget_type=\"pix-img.default\">\n\t\t\t\t<div class=\"elementor-widget-container\">\n\t\t\t<div class=\"d-inline-block \" ><div class=\"pix-img-el    shadow-lg shadow-hover-lg scale-sm text-center d-inline-block  w-100 rounded-10\"  data-jarallax-element=\"50 0\" data-xaxis=\"50\" data-yaxis=\"0\"><img fetchpriority=\"high\" decoding=\"async\" class=\"card-img2 pix-img-elem rounded-10  h-1002\" style=\"height:auto;\" width=\"700\" height=\"440\" srcset=\"https:\/\/diyetisyencemileaktas.com\/wp-content\/uploads\/2024\/11\/yuzyuze_beslenme_danismanligi.jpg 700w, https:\/\/diyetisyencemileaktas.com\/wp-content\/uploads\/2024\/11\/yuzyuze_beslenme_danismanligi-300x189.jpg 300w\" sizes=\"(max-width: 700px) 100vw, 700px\" src=\"https:\/\/diyetisyencemileaktas.com\/wp-content\/uploads\/2024\/11\/yuzyuze_beslenme_danismanligi.jpg\" alt=\"Image link\" \/><\/div><\/div>\t\t<\/div>\n\t\t\t\t<\/div>\n\t\t\t\t\t<\/div>\n\t\t<\/div>\n\t\t\t\t\t<\/div>\n\t\t<\/section>\n\t\t\t\t<section class=\"elementor-section elementor-top-section elementor-element elementor-element-78ede64 elementor-section-full_width elementor-section-height-default elementor-section-height-default\" data-id=\"78ede64\" data-element_type=\"section\">\n\t\t\t\t\t\t<div class=\"elementor-container elementor-column-gap-no\">\n\t\t\t\t\t<div class=\"elementor-column elementor-col-100 elementor-top-column elementor-element elementor-element-5575a22\" data-id=\"5575a22\" data-element_type=\"column\">\n\t\t\t<div class=\"elementor-widget-wrap elementor-element-populated\">\n\t\t\t\t\t\t<div class=\"elementor-element elementor-element-27faae1 elementor-widget elementor-widget-pix-dividers\" data-id=\"27faae1\" data-element_type=\"widget\" data-widget_type=\"pix-dividers.default\">\n\t\t\t\t<div class=\"elementor-widget-container\">\n\t\t\t<div class=\"pix-divider  position-relative pix-bottom-divider\" data-style=\"style-8\" ><svg xmlns=\"http:\/\/www.w3.org\/2000\/svg\" width=\"100%\" height=\"300px\" viewBox=\"0 0 1200 366\" preserveAspectRatio=\"none\"><polygon fill=\"url(#divider-pix-accordion-843626-bottom-overlay-layer-3)\" points=\"0 240 1200 0 1200 366 0 366\" \/><polygon fill=\"url(#divider-pix-accordion-843626-bottom-overlay-layer-2)\" points=\"0 300 1200 60 1200 366 0 366\"  \/><polygon fill=\"#ffffff\" points=\"0 360 1200 120 1200 366 0 366\"\/><defs><linearGradient id=\"divider-pix-accordion-843626-bottom-overlay-layer-3\" x1=\"0%\" y1=\"0%\" x2=\"100%\" y2=\"0%\"><stop offset=\"0%\"   stop-color=\"#00000014\"\/><stop offset=\"100%\"   stop-color=\"#FFFFFF03\"\/><\/linearGradient><linearGradient id=\"divider-pix-accordion-843626-bottom-overlay-layer-2\" x1=\"0%\" y1=\"0%\" x2=\"100%\" y2=\"0%\"><stop offset=\"0%\"   stop-color=\"#FFFFFF03\"\/><stop offset=\"100%\"   stop-color=\"#FFFFFF03\"\/><\/linearGradient><\/defs><\/svg><\/div>\t\t<\/div>\n\t\t\t\t<\/div>\n\t\t\t\t\t<\/div>\n\t\t<\/div>\n\t\t\t\t\t<\/div>\n\t\t<\/section>\n\t\t\t\t<section class=\"elementor-section elementor-top-section elementor-element elementor-element-a4ebe54 elementor-section-boxed elementor-section-height-default elementor-section-height-default\" data-id=\"a4ebe54\" data-element_type=\"section\">\n\t\t\t\t\t\t<div class=\"elementor-container elementor-column-gap-default\">\n\t\t\t\t\t<div class=\"elementor-column elementor-col-100 elementor-top-column elementor-element elementor-element-1b64927\" data-id=\"1b64927\" data-element_type=\"column\">\n\t\t\t<div class=\"elementor-widget-wrap elementor-element-populated\">\n\t\t\t\t\t\t<section class=\"elementor-section elementor-inner-section elementor-element elementor-element-d5b253b elementor-section-boxed elementor-section-height-default elementor-section-height-default\" data-id=\"d5b253b\" data-element_type=\"section\">\n\t\t\t\t\t\t<div class=\"elementor-container elementor-column-gap-default\">\n\t\t\t\t\t<div class=\"elementor-column elementor-col-50 elementor-inner-column elementor-element elementor-element-61bd337\" data-id=\"61bd337\" data-element_type=\"column\">\n\t\t\t<div class=\"elementor-widget-wrap elementor-element-populated\">\n\t\t\t\t\t\t<div class=\"elementor-element elementor-element-ded345f elementor-widget elementor-widget-pix-text\" data-id=\"ded345f\" data-element_type=\"widget\" data-widget_type=\"pix-text.default\">\n\t\t\t\t<div class=\"elementor-widget-container\">\n\t\t\t<div class=\"pix-el-text w-100 text-left \" ><p class=\"resp-option text-left \"><p>Ki\u015finin sevmedi\u011fi,t\u00fcketemedi\u011fi,ula\u015f\u0131m\u0131 zor olan besinler vermemeye \u00f6zen g\u00f6steriyorum. Tamamen ki\u015fiye \u00f6zel bir program planl\u0131yorum.<\/p><p>Sonras\u0131nda takip s\u00fcrecinde;<\/p><p>Her hafta g\u00f6r\u00fc\u015ft\u00fc\u011f\u00fcm\u00fcz bir sistem i\u00e7erisinde ilerliyoruz. Haftal\u0131k olarak randevular\u0131n\u0131z\u0131 olu\u015fturup her geldi\u011finizde v\u00fccut analizi ve hafta de\u011ferlendirmesi yap\u0131yoruz.<\/p><p>Kontrol g\u00f6r\u00fc\u015fmeleri de yakla\u015f\u0131k 20-30 dk aras\u0131 s\u00fcr\u00fcyor.<\/p><p>G\u00f6r\u00fc\u015fmeler d\u0131\u015f\u0131nda da kendi telefonumu dan\u0131\u015fanlar\u0131mla payla\u015farak g\u00fcnl\u00fck ileti\u015fim halinde olabiliyoruz. Gerekli g\u00f6r\u00fcrsek ya da dan\u0131\u015fan isterse t\u00fcm \u00f6\u011f\u00fcnlerin foto\u011frafland\u0131rmas\u0131n\u0131 takip edebiliyorum.<\/p><\/p><\/div>\t\t<\/div>\n\t\t\t\t<\/div>\n\t\t\t\t\t<\/div>\n\t\t<\/div>\n\t\t\t\t<div class=\"elementor-column elementor-col-50 elementor-inner-column elementor-element elementor-element-5b924b1\" data-id=\"5b924b1\" data-element_type=\"column\" data-settings=\"{&quot;background_background&quot;:&quot;classic&quot;}\">\n\t\t\t<div class=\"elementor-widget-wrap elementor-element-populated\">\n\t\t\t\t\t\t<div class=\"elementor-element elementor-element-0374ac9 elementor-widget elementor-widget-pix-highlighted-text\" data-id=\"0374ac9\" data-element_type=\"widget\" data-widget_type=\"pix-highlighted-text.default\">\n\t\t\t\t<div class=\"elementor-widget-container\">\n\t\t\t<div id=\"highlighted-text-23840025\" class=\"pix-highlighted-element text-left \"><h3 class=\"pix-highlighted-items \" style=\"\" data-anim-type=\"\" data-anim-delay=\"\"><span id=\"highlighted-text-23840025-0\" class=\" elementor-repeater-item-482f712\"><span class=\"pix-highlighted-text pix-highlight-item font-weight-normal  heading-font text-heading-default\">Tarifler <\/span><\/span><\/h3><\/div>\t\t<\/div>\n\t\t\t\t<\/div>\n\t\t\t\t<div class=\"elementor-element elementor-element-e698c5e elementor-widget elementor-widget-pix-text\" data-id=\"e698c5e\" data-element_type=\"widget\" data-widget_type=\"pix-text.default\">\n\t\t\t\t<div class=\"elementor-widget-container\">\n\t\t\t<div class=\"pix-el-text w-100 text-left \" ><p class=\"text-20 resp-option text-black text-left \" >Yeni tarifler denemeyi seven dan\u0131\u015fanlar\u0131m\u0131n listelerine hem \u00e7ok sa\u011fl\u0131kl\u0131 hemde diyet listesini daha keyifli hale getiren se\u00e7enekler sunuyorum.\n<br>\n\u00d6rne\u011fin, detoks \u00e7orba, ketojenik \u00e7orba, kabak pizza, yulaf omlet vs gibi bir\u00e7ok tarif se\u00e7enekleri ekliyorum.\n<\/p><\/div>\t\t<\/div>\n\t\t\t\t<\/div>\n\t\t\t\t\t<\/div>\n\t\t<\/div>\n\t\t\t\t\t<\/div>\n\t\t<\/section>\n\t\t\t\t<section class=\"elementor-section elementor-inner-section elementor-element elementor-element-ec3c376 elementor-section-boxed elementor-section-height-default elementor-section-height-default\" data-id=\"ec3c376\" data-element_type=\"section\">\n\t\t\t\t\t\t<div class=\"elementor-container elementor-column-gap-default\">\n\t\t\t\t\t<div class=\"elementor-column elementor-col-100 elementor-inner-column elementor-element elementor-element-73bc3f0\" data-id=\"73bc3f0\" data-element_type=\"column\">\n\t\t\t<div class=\"elementor-widget-wrap elementor-element-populated\">\n\t\t\t\t\t\t<div class=\"elementor-element elementor-element-479543b elementor-widget elementor-widget-pix-button\" data-id=\"479543b\" data-element_type=\"widget\" data-widget_type=\"pix-button.default\">\n\t\t\t\t<div class=\"elementor-widget-container\">\n\t\t\t<div class=\"d-block w-100 text-center\"><a  href=\"https:\/\/diyetisyencemileaktas.com\/iletisim\/\" class=\"btn m-0     shadow-sm btn-secondary d-inline-block pix-hover-item       pix-btn-div btn-lg\"     ><i class=\"font-weight-bold pixicon-messages-2  pix-hover-left  mr-1\"><\/i> <span class=\"font-weight-bold \" >\u0130leti\u015fim<\/span><\/a><\/div>\t\t<\/div>\n\t\t\t\t<\/div>\n\t\t\t\t\t<\/div>\n\t\t<\/div>\n\t\t\t\t\t<\/div>\n\t\t<\/section>\n\t\t\t\t\t<\/div>\n\t\t<\/div>\n\t\t\t\t\t<\/div>\n\t\t<\/section>\n\t\t\t\t<\/div>\n\t\t","protected":false},"excerpt":{"rendered":"<p>Y\u00fczy\u00fcze Beslenme Dan\u0131\u015fmanl\u0131\u011f\u0131 \u0130lk g\u00f6r\u00fc\u015fmemizde, sizleri ayr\u0131nt\u0131l\u0131 olarak tan\u0131yorum. Ondan dolay\u0131 yakla\u015f\u0131k 45 dk-1 saat kadar bir zaman al\u0131yor. \u00a0 Profesyonel v\u00fccut analizi cihaz\u0131mla \u00f6l\u00e7\u00fcmlerinizi al\u0131yor ve kan tahlillerinizi de de\u011ferlendirerek size uygun beslenme program\u0131n\u0131 olu\u015fturuyorum. Hizmetler \u0130leti\u015fim Ki\u015finin sevmedi\u011fi,t\u00fcketemedi\u011fi,ula\u015f\u0131m\u0131&#8230;<\/p>\n","protected":false},"author":1,"featured_media":0,"parent":0,"menu_order":0,"comment_status":"closed","ping_status":"closed","template":"","meta":{"footnotes":""},"class_list":["post-4449","page","type-page","status-publish","hentry"],"yoast_head":"<!-- This site is optimized with the Yoast SEO plugin v23.8 - https:\/\/yoast.com\/wordpress\/plugins\/seo\/ -->\n<title>Y\u00fczy\u00fcze Beslenme Dan\u0131\u015fmanl\u0131\u011f\u0131 - Diyetisyen Cemile Akta\u015f K\u00f6se<\/title>\n<meta name=\"description\" content=\"Profesyonel v\u00fccut analizi cihaz\u0131mla \u00f6l\u00e7\u00fcmlerinizi al\u0131yor ve kan tahlillerinizi de de\u011ferlendirerek size uygun beslenme program\u0131n\u0131 olu\u015fturuyorum...\" \/>\n<meta name=\"robots\" content=\"index, follow, max-snippet:-1, max-image-preview:large, max-video-preview:-1\" \/>\n<link rel=\"canonical\" href=\"https:\/\/diyetisyencemileaktas.com\/?page_id=4449\" \/>\n<meta property=\"og:locale\" content=\"tr_TR\" \/>\n<meta property=\"og:type\" content=\"article\" \/>\n<meta property=\"og:title\" content=\"Y\u00fczy\u00fcze Beslenme Dan\u0131\u015fmanl\u0131\u011f\u0131 - Diyetisyen Cemile Akta\u015f K\u00f6se\" \/>\n<meta property=\"og:description\" content=\"Profesyonel v\u00fccut analizi cihaz\u0131mla \u00f6l\u00e7\u00fcmlerinizi al\u0131yor ve kan tahlillerinizi de de\u011ferlendirerek size uygun beslenme program\u0131n\u0131 olu\u015fturuyorum...\" \/>\n<meta property=\"og:url\" content=\"https:\/\/diyetisyencemileaktas.com\/?page_id=4449\" \/>\n<meta property=\"og:site_name\" content=\"Diyetisyen Cemile Akta\u015f K\u00f6se\" \/>\n<meta property=\"article:modified_time\" content=\"2024-11-10T23:16:37+00:00\" \/>\n<meta property=\"og:image\" content=\"https:\/\/diyetisyencemileaktas.com\/wp-content\/uploads\/2024\/11\/yuzyuze_beslenme_danismanligi.jpg\" \/>\n<meta name=\"twitter:card\" content=\"summary_large_image\" \/>\n<meta name=\"twitter:label1\" content=\"Tahmini okuma s\u00fcresi\" \/>\n\t<meta name=\"twitter:data1\" content=\"2 dakika\" \/>\n<script type=\"application\/ld+json\" class=\"yoast-schema-graph\">{\"@context\":\"https:\/\/schema.org\",\"@graph\":[{\"@type\":\"WebPage\",\"@id\":\"https:\/\/diyetisyencemileaktas.com\/?page_id=4449\",\"url\":\"https:\/\/diyetisyencemileaktas.com\/?page_id=4449\",\"name\":\"Y\u00fczy\u00fcze Beslenme Dan\u0131\u015fmanl\u0131\u011f\u0131 - Diyetisyen Cemile Akta\u015f K\u00f6se\",\"isPartOf\":{\"@id\":\"https:\/\/diyetisyencemileaktas.com\/#website\"},\"primaryImageOfPage\":{\"@id\":\"https:\/\/diyetisyencemileaktas.com\/?page_id=4449#primaryimage\"},\"image\":{\"@id\":\"https:\/\/diyetisyencemileaktas.com\/?page_id=4449#primaryimage\"},\"thumbnailUrl\":\"https:\/\/diyetisyencemileaktas.com\/wp-content\/uploads\/2024\/11\/yuzyuze_beslenme_danismanligi.jpg\",\"datePublished\":\"2024-11-10T21:33:39+00:00\",\"dateModified\":\"2024-11-10T23:16:37+00:00\",\"description\":\"Profesyonel v\u00fccut analizi cihaz\u0131mla \u00f6l\u00e7\u00fcmlerinizi al\u0131yor ve kan tahlillerinizi de de\u011ferlendirerek size uygun beslenme program\u0131n\u0131 olu\u015fturuyorum...\",\"breadcrumb\":{\"@id\":\"https:\/\/diyetisyencemileaktas.com\/?page_id=4449#breadcrumb\"},\"inLanguage\":\"tr\",\"potentialAction\":[{\"@type\":\"ReadAction\",\"target\":[\"https:\/\/diyetisyencemileaktas.com\/?page_id=4449\"]}]},{\"@type\":\"ImageObject\",\"inLanguage\":\"tr\",\"@id\":\"https:\/\/diyetisyencemileaktas.com\/?page_id=4449#primaryimage\",\"url\":\"https:\/\/diyetisyencemileaktas.com\/wp-content\/uploads\/2024\/11\/yuzyuze_beslenme_danismanligi.jpg\",\"contentUrl\":\"https:\/\/diyetisyencemileaktas.com\/wp-content\/uploads\/2024\/11\/yuzyuze_beslenme_danismanligi.jpg\",\"width\":700,\"height\":440},{\"@type\":\"BreadcrumbList\",\"@id\":\"https:\/\/diyetisyencemileaktas.com\/?page_id=4449#breadcrumb\",\"itemListElement\":[{\"@type\":\"ListItem\",\"position\":1,\"name\":\"Anasayfa\",\"item\":\"https:\/\/diyetisyencemileaktas.com\/\"},{\"@type\":\"ListItem\",\"position\":2,\"name\":\"Y\u00fczy\u00fcze Beslenme Dan\u0131\u015fmanl\u0131\u011f\u0131\"}]},{\"@type\":\"WebSite\",\"@id\":\"https:\/\/diyetisyencemileaktas.com\/#website\",\"url\":\"https:\/\/diyetisyencemileaktas.com\/\",\"name\":\"Diyetisyen Cemile Akta\u015f K\u00f6se\",\"description\":\"\",\"potentialAction\":[{\"@type\":\"SearchAction\",\"target\":{\"@type\":\"EntryPoint\",\"urlTemplate\":\"https:\/\/diyetisyencemileaktas.com\/?s={search_term_string}\"},\"query-input\":{\"@type\":\"PropertyValueSpecification\",\"valueRequired\":true,\"valueName\":\"search_term_string\"}}],\"inLanguage\":\"tr\"}]}<\/script>\n<!-- \/ Yoast SEO plugin. -->","yoast_head_json":{"title":"Y\u00fczy\u00fcze Beslenme Dan\u0131\u015fmanl\u0131\u011f\u0131 - Diyetisyen Cemile Akta\u015f K\u00f6se","description":"Profesyonel v\u00fccut analizi cihaz\u0131mla \u00f6l\u00e7\u00fcmlerinizi al\u0131yor ve kan tahlillerinizi de de\u011ferlendirerek size uygun beslenme program\u0131n\u0131 olu\u015fturuyorum...","robots":{"index":"index","follow":"follow","max-snippet":"max-snippet:-1","max-image-preview":"max-image-preview:large","max-video-preview":"max-video-preview:-1"},"canonical":"https:\/\/diyetisyencemileaktas.com\/?page_id=4449","og_locale":"tr_TR","og_type":"article","og_title":"Y\u00fczy\u00fcze Beslenme Dan\u0131\u015fmanl\u0131\u011f\u0131 - Diyetisyen Cemile Akta\u015f K\u00f6se","og_description":"Profesyonel v\u00fccut analizi cihaz\u0131mla \u00f6l\u00e7\u00fcmlerinizi al\u0131yor ve kan tahlillerinizi de de\u011ferlendirerek size uygun beslenme program\u0131n\u0131 olu\u015fturuyorum...","og_url":"https:\/\/diyetisyencemileaktas.com\/?page_id=4449","og_site_name":"Diyetisyen Cemile Akta\u015f K\u00f6se","article_modified_time":"2024-11-10T23:16:37+00:00","og_image":[{"url":"https:\/\/diyetisyencemileaktas.com\/wp-content\/uploads\/2024\/11\/yuzyuze_beslenme_danismanligi.jpg"}],"twitter_card":"summary_large_image","twitter_misc":{"Tahmini okuma s\u00fcresi":"2 dakika"},"schema":{"@context":"https:\/\/schema.org","@graph":[{"@type":"WebPage","@id":"https:\/\/diyetisyencemileaktas.com\/?page_id=4449","url":"https:\/\/diyetisyencemileaktas.com\/?page_id=4449","name":"Y\u00fczy\u00fcze Beslenme Dan\u0131\u015fmanl\u0131\u011f\u0131 - Diyetisyen Cemile Akta\u015f K\u00f6se","isPartOf":{"@id":"https:\/\/diyetisyencemileaktas.com\/#website"},"primaryImageOfPage":{"@id":"https:\/\/diyetisyencemileaktas.com\/?page_id=4449#primaryimage"},"image":{"@id":"https:\/\/diyetisyencemileaktas.com\/?page_id=4449#primaryimage"},"thumbnailUrl":"https:\/\/diyetisyencemileaktas.com\/wp-content\/uploads\/2024\/11\/yuzyuze_beslenme_danismanligi.jpg","datePublished":"2024-11-10T21:33:39+00:00","dateModified":"2024-11-10T23:16:37+00:00","description":"Profesyonel v\u00fccut analizi cihaz\u0131mla \u00f6l\u00e7\u00fcmlerinizi al\u0131yor ve kan tahlillerinizi de de\u011ferlendirerek size uygun beslenme program\u0131n\u0131 olu\u015fturuyorum...","breadcrumb":{"@id":"https:\/\/diyetisyencemileaktas.com\/?page_id=4449#breadcrumb"},"inLanguage":"tr","potentialAction":[{"@type":"ReadAction","target":["https:\/\/diyetisyencemileaktas.com\/?page_id=4449"]}]},{"@type":"ImageObject","inLanguage":"tr","@id":"https:\/\/diyetisyencemileaktas.com\/?page_id=4449#primaryimage","url":"https:\/\/diyetisyencemileaktas.com\/wp-content\/uploads\/2024\/11\/yuzyuze_beslenme_danismanligi.jpg","contentUrl":"https:\/\/diyetisyencemileaktas.com\/wp-content\/uploads\/2024\/11\/yuzyuze_beslenme_danismanligi.jpg","width":700,"height":440},{"@type":"BreadcrumbList","@id":"https:\/\/diyetisyencemileaktas.com\/?page_id=4449#breadcrumb","itemListElement":[{"@type":"ListItem","position":1,"name":"Anasayfa","item":"https:\/\/diyetisyencemileaktas.com\/"},{"@type":"ListItem","position":2,"name":"Y\u00fczy\u00fcze Beslenme Dan\u0131\u015fmanl\u0131\u011f\u0131"}]},{"@type":"WebSite","@id":"https:\/\/diyetisyencemileaktas.com\/#website","url":"https:\/\/diyetisyencemileaktas.com\/","name":"Diyetisyen Cemile Akta\u015f K\u00f6se","description":"","potentialAction":[{"@type":"SearchAction","target":{"@type":"EntryPoint","urlTemplate":"https:\/\/diyetisyencemileaktas.com\/?s={search_term_string}"},"query-input":{"@type":"PropertyValueSpecification","valueRequired":true,"valueName":"search_term_string"}}],"inLanguage":"tr"}]}},"_links":{"self":[{"href":"https:\/\/diyetisyencemileaktas.com\/index.php?rest_route=\/wp\/v2\/pages\/4449","targetHints":{"allow":["GET"]}}],"collection":[{"href":"https:\/\/diyetisyencemileaktas.com\/index.php?rest_route=\/wp\/v2\/pages"}],"about":[{"href":"https:\/\/diyetisyencemileaktas.com\/index.php?rest_route=\/wp\/v2\/types\/page"}],"author":[{"embeddable":true,"href":"https:\/\/diyetisyencemileaktas.com\/index.php?rest_route=\/wp\/v2\/users\/1"}],"replies":[{"embeddable":true,"href":"https:\/\/diyetisyencemileaktas.com\/index.php?rest_route=%2Fwp%2Fv2%2Fcomments&post=4449"}],"version-history":[{"count":10,"href":"https:\/\/diyetisyencemileaktas.com\/index.php?rest_route=\/wp\/v2\/pages\/4449\/revisions"}],"predecessor-version":[{"id":4464,"href":"https:\/\/diyetisyencemileaktas.com\/index.php?rest_route=\/wp\/v2\/pages\/4449\/revisions\/4464"}],"wp:attachment":[{"href":"https:\/\/diyetisyencemileaktas.com\/index.php?rest_route=%2Fwp%2Fv2%2Fmedia&parent=4449"}],"curies":[{"name":"wp","href":"https:\/\/api.w.org\/{rel}","templated":true}]}}