{"id":4468,"date":"2024-11-11T00:43:09","date_gmt":"2024-11-10T21:43:09","guid":{"rendered":"https:\/\/diyetisyencemileaktas.com\/?page_id=4468"},"modified":"2024-11-11T02:09:09","modified_gmt":"2024-11-10T23:09:09","slug":"detayli-vucut-olcumu","status":"publish","type":"page","link":"https:\/\/diyetisyencemileaktas.com\/?page_id=4468","title":{"rendered":"Detayl\u0131 V\u00fccut \u00d6l\u00e7\u00fcm\u00fc"},"content":{"rendered":"\t\t<div data-elementor-type=\"wp-page\" data-elementor-id=\"4468\" class=\"elementor elementor-4468\">\n\t\t\t\t\t\t<section class=\"elementor-section elementor-top-section elementor-element elementor-element-9bd9cef bg-secondary-light elementor-section-boxed elementor-section-height-default elementor-section-height-default\" data-id=\"9bd9cef\" data-element_type=\"section\">\n\t\t\t\t\t\t<div class=\"elementor-container elementor-column-gap-default\">\n\t\t\t\t\t<div class=\"elementor-column elementor-col-50 elementor-top-column elementor-element elementor-element-804a914\" data-id=\"804a914\" data-element_type=\"column\">\n\t\t\t<div class=\"elementor-widget-wrap elementor-element-populated\">\n\t\t\t\t\t\t<div class=\"elementor-element elementor-element-afb4196 elementor-widget elementor-widget-pix-highlighted-text\" data-id=\"afb4196\" data-element_type=\"widget\" data-widget_type=\"pix-highlighted-text.default\">\n\t\t\t\t<div class=\"elementor-widget-container\">\n\t\t\t<div id=\"highlighted-text-84781030\" class=\"pix-highlighted-element text-left \"><h2 class=\"pix-highlighted-items \" style=\"\" data-anim-type=\"\" data-anim-delay=\"\"><span id=\"highlighted-text-84781030-0\" class=\" elementor-repeater-item-d38df35\"><span class=\"pix-highlighted-text pix-highlight-item font-weight-normal  heading-font text-heading-default\">Detayl\u0131 <\/span><\/span><span id=\"highlighted-text-84781030-1\" class=\"pix-highlight-bg align-middle2   elementor-repeater-item-b2f5606 highlighted-text-84781030-1 animate-in\" data-anim-type=\"highlight-grow\" data-anim-delay=\"200\"><span class=\"pix-highlighted-text  pix-highlight-item font-weight-normal  font-weight-bold heading-font text-heading-default\">V\u00fccut <\/span><\/span><span id=\"highlighted-text-84781030-2\" class=\" elementor-repeater-item-3d6442b\"><span class=\"pix-highlighted-text pix-highlight-item font-weight-normal  heading-font text-heading-default\">\u00d6l\u00e7\u00fcm\u00fc<\/span><\/span><\/h2><\/div>\t\t<\/div>\n\t\t\t\t<\/div>\n\t\t\t\t<div class=\"elementor-element elementor-element-3ccf8c2 elementor-widget elementor-widget-pix-text\" data-id=\"3ccf8c2\" data-element_type=\"widget\" data-widget_type=\"pix-text.default\">\n\t\t\t\t<div class=\"elementor-widget-container\">\n\t\t\t<div class=\"pix-el-text w-100 text-left \" ><p class=\"resp-option text-left \"><p>Diyet dan\u0131\u015fmanl\u0131\u011f\u0131 alan t\u00fcm dan\u0131\u015fanlar\u0131ma her hafta \u00f6l\u00e7\u00fcm yapmaktay\u0131m.\u00a0 Bu \u00f6l\u00e7\u00fcm i\u00e7in ekstra bi \u00fccret \u00f6demeleri gerekmez.<\/p><\/p><\/div>\t\t<\/div>\n\t\t\t\t<\/div>\n\t\t\t\t<div class=\"elementor-element elementor-element-c00c8aa elementor-widget__width-auto elementor-widget elementor-widget-pix-button\" data-id=\"c00c8aa\" data-element_type=\"widget\" data-widget_type=\"pix-button.default\">\n\t\t\t\t<div class=\"elementor-widget-container\">\n\t\t\t<a  href=\"https:\/\/diyetisyencemileaktas.com\/hizmetler\/\" class=\"btn m-0     shadow-sm btn-secondary d-inline-block pix-hover-item       btn-lg\"     ><i class=\"font-weight-bold pixicon-bars-menu  pix-hover-left  mr-1\"><\/i> <span class=\"font-weight-bold \" >Hizmetler<\/span><\/a>\t\t<\/div>\n\t\t\t\t<\/div>\n\t\t\t\t<div class=\"elementor-element elementor-element-d9a8184 elementor-widget__width-auto elementor-widget elementor-widget-pix-button\" data-id=\"d9a8184\" data-element_type=\"widget\" data-widget_type=\"pix-button.default\">\n\t\t\t\t<div class=\"elementor-widget-container\">\n\t\t\t<a  href=\"https:\/\/diyetisyencemileaktas.com\/iletisim\/\" class=\"btn m-0     shadow-sm text-heading-default btn-white d-inline-block pix-hover-item       btn-lg\"     ><i class=\"font-weight-bold pixicon-phone  pix-hover-left  mr-1\"><\/i> <span class=\"font-weight-bold \" >\u0130leti\u015fim<\/span><\/a>\t\t<\/div>\n\t\t\t\t<\/div>\n\t\t\t\t\t<\/div>\n\t\t<\/div>\n\t\t\t\t<div class=\"elementor-column elementor-col-50 elementor-top-column elementor-element elementor-element-b91a593\" data-id=\"b91a593\" data-element_type=\"column\">\n\t\t\t<div class=\"elementor-widget-wrap elementor-element-populated\">\n\t\t\t\t\t\t<div class=\"elementor-element elementor-element-62048a4 elementor-widget elementor-widget-pix-img\" data-id=\"62048a4\" data-element_type=\"widget\" data-widget_type=\"pix-img.default\">\n\t\t\t\t<div class=\"elementor-widget-container\">\n\t\t\t<div class=\"d-inline-block \" ><div class=\"pix-img-el    shadow-lg shadow-hover-lg scale-sm text-center d-inline-block  w-100 rounded-10\"  data-jarallax-element=\"50 0\" data-xaxis=\"50\" data-yaxis=\"0\"><img fetchpriority=\"high\" decoding=\"async\" class=\"card-img2 pix-img-elem rounded-10  h-1002\" style=\"height:auto;\" width=\"700\" height=\"440\" srcset=\"https:\/\/diyetisyencemileaktas.com\/wp-content\/uploads\/2024\/11\/detayli-vucut_olcumu.jpg 700w, https:\/\/diyetisyencemileaktas.com\/wp-content\/uploads\/2024\/11\/detayli-vucut_olcumu-300x189.jpg 300w\" sizes=\"(max-width: 700px) 100vw, 700px\" src=\"https:\/\/diyetisyencemileaktas.com\/wp-content\/uploads\/2024\/11\/detayli-vucut_olcumu.jpg\" alt=\"Image link\" \/><\/div><\/div>\t\t<\/div>\n\t\t\t\t<\/div>\n\t\t\t\t\t<\/div>\n\t\t<\/div>\n\t\t\t\t\t<\/div>\n\t\t<\/section>\n\t\t\t\t<section class=\"elementor-section elementor-top-section elementor-element elementor-element-78ede64 elementor-section-full_width elementor-section-height-default elementor-section-height-default\" data-id=\"78ede64\" data-element_type=\"section\">\n\t\t\t\t\t\t<div class=\"elementor-container elementor-column-gap-no\">\n\t\t\t\t\t<div class=\"elementor-column elementor-col-100 elementor-top-column elementor-element elementor-element-5575a22\" data-id=\"5575a22\" data-element_type=\"column\">\n\t\t\t<div class=\"elementor-widget-wrap elementor-element-populated\">\n\t\t\t\t\t\t<div class=\"elementor-element elementor-element-27faae1 elementor-widget elementor-widget-pix-dividers\" data-id=\"27faae1\" data-element_type=\"widget\" data-widget_type=\"pix-dividers.default\">\n\t\t\t\t<div class=\"elementor-widget-container\">\n\t\t\t<div class=\"pix-divider  position-relative pix-bottom-divider\" data-style=\"style-8\" ><svg xmlns=\"http:\/\/www.w3.org\/2000\/svg\" width=\"100%\" height=\"300px\" viewBox=\"0 0 1200 366\" preserveAspectRatio=\"none\"><polygon fill=\"url(#divider-pix-accordion-861962-bottom-overlay-layer-3)\" points=\"0 240 1200 0 1200 366 0 366\" \/><polygon fill=\"url(#divider-pix-accordion-861962-bottom-overlay-layer-2)\" points=\"0 300 1200 60 1200 366 0 366\"  \/><polygon fill=\"#ffffff\" points=\"0 360 1200 120 1200 366 0 366\"\/><defs><linearGradient id=\"divider-pix-accordion-861962-bottom-overlay-layer-3\" x1=\"0%\" y1=\"0%\" x2=\"100%\" y2=\"0%\"><stop offset=\"0%\"   stop-color=\"#00000014\"\/><stop offset=\"100%\"   stop-color=\"#FFFFFF03\"\/><\/linearGradient><linearGradient id=\"divider-pix-accordion-861962-bottom-overlay-layer-2\" x1=\"0%\" y1=\"0%\" x2=\"100%\" y2=\"0%\"><stop offset=\"0%\"   stop-color=\"#FFFFFF03\"\/><stop offset=\"100%\"   stop-color=\"#FFFFFF03\"\/><\/linearGradient><\/defs><\/svg><\/div>\t\t<\/div>\n\t\t\t\t<\/div>\n\t\t\t\t\t<\/div>\n\t\t<\/div>\n\t\t\t\t\t<\/div>\n\t\t<\/section>\n\t\t\t\t<section class=\"elementor-section elementor-top-section elementor-element elementor-element-a4ebe54 elementor-section-boxed elementor-section-height-default elementor-section-height-default\" data-id=\"a4ebe54\" data-element_type=\"section\">\n\t\t\t\t\t\t<div class=\"elementor-container elementor-column-gap-default\">\n\t\t\t\t\t<div class=\"elementor-column elementor-col-100 elementor-top-column elementor-element elementor-element-1b64927\" data-id=\"1b64927\" data-element_type=\"column\">\n\t\t\t<div class=\"elementor-widget-wrap elementor-element-populated\">\n\t\t\t\t\t\t<section class=\"elementor-section elementor-inner-section elementor-element elementor-element-d5b253b elementor-section-boxed elementor-section-height-default elementor-section-height-default\" data-id=\"d5b253b\" data-element_type=\"section\">\n\t\t\t\t\t\t<div class=\"elementor-container elementor-column-gap-default\">\n\t\t\t\t\t<div class=\"elementor-column elementor-col-50 elementor-inner-column elementor-element elementor-element-61bd337\" data-id=\"61bd337\" data-element_type=\"column\">\n\t\t\t<div class=\"elementor-widget-wrap elementor-element-populated\">\n\t\t\t\t\t\t<div class=\"elementor-element elementor-element-ded345f elementor-widget elementor-widget-pix-text\" data-id=\"ded345f\" data-element_type=\"widget\" data-widget_type=\"pix-text.default\">\n\t\t\t\t<div class=\"elementor-widget-container\">\n\t\t\t<div class=\"pix-el-text w-100 text-left \" ><p class=\"resp-option text-left \"><h4>\u00d6l\u00e7t\u00fc\u011f\u00fcm\u00fcz parametreler;<\/h4><h5>-a\u011f\u0131rl\u0131k,ideal kilo<\/h5><h5>-v\u00fccut kitle indeksi<\/h5><h5>-bazal metabolizma h\u0131z\u0131<\/h5><h5>-v\u00fccut ya\u011f\u0131<\/h5><h5>-kas k\u00fctlesi<\/h5><h5>-v\u00fccut s\u0131v\u0131s\u0131<\/h5><h5>-h\u00fccre i\u00e7i s\u0131v\u0131<\/h5><h5>-h\u00fccre d\u0131\u015f\u0131 s\u0131v\u0131<\/h5><h5>-kemik mineral<\/h5><h5>-obezite derecesi<\/h5><h5>-metabolizma ya\u015f\u0131<\/h5><h5>-i\u00e7 ya\u011flanma<\/h5><h5>-bel \u00e7evresi<\/h5><\/p><\/div>\t\t<\/div>\n\t\t\t\t<\/div>\n\t\t\t\t\t<\/div>\n\t\t<\/div>\n\t\t\t\t<div class=\"elementor-column elementor-col-50 elementor-inner-column elementor-element elementor-element-5b924b1\" data-id=\"5b924b1\" data-element_type=\"column\" data-settings=\"{&quot;background_background&quot;:&quot;classic&quot;}\">\n\t\t\t<div class=\"elementor-widget-wrap elementor-element-populated\">\n\t\t\t\t\t\t<div class=\"elementor-element elementor-element-0374ac9 elementor-widget elementor-widget-pix-highlighted-text\" data-id=\"0374ac9\" data-element_type=\"widget\" data-widget_type=\"pix-highlighted-text.default\">\n\t\t\t\t<div class=\"elementor-widget-container\">\n\t\t\t<div id=\"highlighted-text-142844716\" class=\"pix-highlighted-element text-left \"><h3 class=\"pix-highlighted-items \" style=\"\" data-anim-type=\"\" data-anim-delay=\"\"><span id=\"highlighted-text-142844716-0\" class=\" elementor-repeater-item-482f712\"><span class=\"pix-highlighted-text pix-highlight-item font-weight-normal  heading-font text-heading-default\">Tarifler <\/span><\/span><\/h3><\/div>\t\t<\/div>\n\t\t\t\t<\/div>\n\t\t\t\t<div class=\"elementor-element elementor-element-e698c5e elementor-widget elementor-widget-pix-text\" data-id=\"e698c5e\" data-element_type=\"widget\" data-widget_type=\"pix-text.default\">\n\t\t\t\t<div class=\"elementor-widget-container\">\n\t\t\t<div class=\"pix-el-text w-100 text-left \" ><p class=\"text-20 resp-option text-black text-left \" >Yeni tarifler denemeyi seven dan\u0131\u015fanlar\u0131m\u0131n listelerine hem \u00e7ok sa\u011fl\u0131kl\u0131 hemde diyet listesini daha keyifli hale getiren se\u00e7enekler sunuyorum.\n<br>\n\u00d6rne\u011fin, detoks \u00e7orba, ketojenik \u00e7orba, kabak pizza, yulaf omlet vs gibi bir\u00e7ok tarif se\u00e7enekleri ekliyorum.\n<\/p><\/div>\t\t<\/div>\n\t\t\t\t<\/div>\n\t\t\t\t\t<\/div>\n\t\t<\/div>\n\t\t\t\t\t<\/div>\n\t\t<\/section>\n\t\t\t\t<section class=\"elementor-section elementor-inner-section elementor-element elementor-element-ec3c376 elementor-section-boxed elementor-section-height-default elementor-section-height-default\" data-id=\"ec3c376\" data-element_type=\"section\">\n\t\t\t\t\t\t<div class=\"elementor-container elementor-column-gap-default\">\n\t\t\t\t\t<div class=\"elementor-column elementor-col-100 elementor-inner-column elementor-element elementor-element-73bc3f0\" data-id=\"73bc3f0\" data-element_type=\"column\">\n\t\t\t<div class=\"elementor-widget-wrap elementor-element-populated\">\n\t\t\t\t\t\t<div class=\"elementor-element elementor-element-479543b elementor-widget elementor-widget-pix-button\" data-id=\"479543b\" data-element_type=\"widget\" data-widget_type=\"pix-button.default\">\n\t\t\t\t<div class=\"elementor-widget-container\">\n\t\t\t<div class=\"d-block w-100 text-center\"><a  href=\"https:\/\/diyetisyencemileaktas.com\/iletisim\/\" class=\"btn m-0     shadow-sm btn-secondary d-inline-block pix-hover-item       pix-btn-div btn-lg\"     ><i class=\"font-weight-bold pixicon-messages-2  pix-hover-left  mr-1\"><\/i> <span class=\"font-weight-bold \" >\u0130leti\u015fim<\/span><\/a><\/div>\t\t<\/div>\n\t\t\t\t<\/div>\n\t\t\t\t\t<\/div>\n\t\t<\/div>\n\t\t\t\t\t<\/div>\n\t\t<\/section>\n\t\t\t\t\t<\/div>\n\t\t<\/div>\n\t\t\t\t\t<\/div>\n\t\t<\/section>\n\t\t\t\t<\/div>\n\t\t","protected":false},"excerpt":{"rendered":"<p>Detayl\u0131 V\u00fccut \u00d6l\u00e7\u00fcm\u00fc Diyet dan\u0131\u015fmanl\u0131\u011f\u0131 alan t\u00fcm dan\u0131\u015fanlar\u0131ma her hafta \u00f6l\u00e7\u00fcm yapmaktay\u0131m.\u00a0 Bu \u00f6l\u00e7\u00fcm i\u00e7in ekstra bi \u00fccret \u00f6demeleri gerekmez. Hizmetler \u0130leti\u015fim \u00d6l\u00e7t\u00fc\u011f\u00fcm\u00fcz parametreler; -a\u011f\u0131rl\u0131k,ideal kilo -v\u00fccut kitle indeksi -bazal metabolizma h\u0131z\u0131 -v\u00fccut ya\u011f\u0131 -kas k\u00fctlesi -v\u00fccut s\u0131v\u0131s\u0131 -h\u00fccre i\u00e7i&#8230;<\/p>\n","protected":false},"author":1,"featured_media":0,"parent":0,"menu_order":0,"comment_status":"closed","ping_status":"closed","template":"","meta":{"footnotes":""},"class_list":["post-4468","page","type-page","status-publish","hentry"],"yoast_head":"<!-- This site is optimized with the Yoast SEO plugin v23.8 - https:\/\/yoast.com\/wordpress\/plugins\/seo\/ -->\n<title>Detayl\u0131 V\u00fccut \u00d6l\u00e7\u00fcm\u00fc - Diyetisyen Cemile Akta\u015f K\u00f6se<\/title>\n<meta name=\"description\" content=\"Diyet dan\u0131\u015fmanl\u0131\u011f\u0131 alan t\u00fcm dan\u0131\u015fanlar\u0131ma her hafta \u00f6l\u00e7\u00fcm yapmaktay\u0131m. Detayl\u0131 bilgi i\u00e7in sayfay\u0131 inceleyebilirsiniz...\" \/>\n<meta name=\"robots\" content=\"index, follow, max-snippet:-1, max-image-preview:large, max-video-preview:-1\" \/>\n<link rel=\"canonical\" href=\"https:\/\/diyetisyencemileaktas.com\/?page_id=4468\" \/>\n<meta property=\"og:locale\" content=\"tr_TR\" \/>\n<meta property=\"og:type\" content=\"article\" \/>\n<meta property=\"og:title\" content=\"Detayl\u0131 V\u00fccut \u00d6l\u00e7\u00fcm\u00fc - Diyetisyen Cemile Akta\u015f K\u00f6se\" \/>\n<meta property=\"og:description\" content=\"Diyet dan\u0131\u015fmanl\u0131\u011f\u0131 alan t\u00fcm dan\u0131\u015fanlar\u0131ma her hafta \u00f6l\u00e7\u00fcm yapmaktay\u0131m. Detayl\u0131 bilgi i\u00e7in sayfay\u0131 inceleyebilirsiniz...\" \/>\n<meta property=\"og:url\" content=\"https:\/\/diyetisyencemileaktas.com\/?page_id=4468\" \/>\n<meta property=\"og:site_name\" content=\"Diyetisyen Cemile Akta\u015f K\u00f6se\" \/>\n<meta property=\"article:modified_time\" content=\"2024-11-10T23:09:09+00:00\" \/>\n<meta property=\"og:image\" content=\"https:\/\/diyetisyencemileaktas.com\/wp-content\/uploads\/2024\/11\/detayli-vucut_olcumu.jpg\" \/>\n<meta name=\"twitter:card\" content=\"summary_large_image\" \/>\n<meta name=\"twitter:label1\" content=\"Tahmini okuma s\u00fcresi\" \/>\n\t<meta name=\"twitter:data1\" content=\"1 dakika\" \/>\n<script type=\"application\/ld+json\" class=\"yoast-schema-graph\">{\"@context\":\"https:\/\/schema.org\",\"@graph\":[{\"@type\":\"WebPage\",\"@id\":\"https:\/\/diyetisyencemileaktas.com\/?page_id=4468\",\"url\":\"https:\/\/diyetisyencemileaktas.com\/?page_id=4468\",\"name\":\"Detayl\u0131 V\u00fccut \u00d6l\u00e7\u00fcm\u00fc - Diyetisyen Cemile Akta\u015f K\u00f6se\",\"isPartOf\":{\"@id\":\"https:\/\/diyetisyencemileaktas.com\/#website\"},\"primaryImageOfPage\":{\"@id\":\"https:\/\/diyetisyencemileaktas.com\/?page_id=4468#primaryimage\"},\"image\":{\"@id\":\"https:\/\/diyetisyencemileaktas.com\/?page_id=4468#primaryimage\"},\"thumbnailUrl\":\"https:\/\/diyetisyencemileaktas.com\/wp-content\/uploads\/2024\/11\/detayli-vucut_olcumu.jpg\",\"datePublished\":\"2024-11-10T21:43:09+00:00\",\"dateModified\":\"2024-11-10T23:09:09+00:00\",\"description\":\"Diyet dan\u0131\u015fmanl\u0131\u011f\u0131 alan t\u00fcm dan\u0131\u015fanlar\u0131ma her hafta \u00f6l\u00e7\u00fcm yapmaktay\u0131m. Detayl\u0131 bilgi i\u00e7in sayfay\u0131 inceleyebilirsiniz...\",\"breadcrumb\":{\"@id\":\"https:\/\/diyetisyencemileaktas.com\/?page_id=4468#breadcrumb\"},\"inLanguage\":\"tr\",\"potentialAction\":[{\"@type\":\"ReadAction\",\"target\":[\"https:\/\/diyetisyencemileaktas.com\/?page_id=4468\"]}]},{\"@type\":\"ImageObject\",\"inLanguage\":\"tr\",\"@id\":\"https:\/\/diyetisyencemileaktas.com\/?page_id=4468#primaryimage\",\"url\":\"https:\/\/diyetisyencemileaktas.com\/wp-content\/uploads\/2024\/11\/detayli-vucut_olcumu.jpg\",\"contentUrl\":\"https:\/\/diyetisyencemileaktas.com\/wp-content\/uploads\/2024\/11\/detayli-vucut_olcumu.jpg\",\"width\":700,\"height\":440},{\"@type\":\"BreadcrumbList\",\"@id\":\"https:\/\/diyetisyencemileaktas.com\/?page_id=4468#breadcrumb\",\"itemListElement\":[{\"@type\":\"ListItem\",\"position\":1,\"name\":\"Anasayfa\",\"item\":\"https:\/\/diyetisyencemileaktas.com\/\"},{\"@type\":\"ListItem\",\"position\":2,\"name\":\"Detayl\u0131 V\u00fccut \u00d6l\u00e7\u00fcm\u00fc\"}]},{\"@type\":\"WebSite\",\"@id\":\"https:\/\/diyetisyencemileaktas.com\/#website\",\"url\":\"https:\/\/diyetisyencemileaktas.com\/\",\"name\":\"Diyetisyen Cemile Akta\u015f K\u00f6se\",\"description\":\"\",\"potentialAction\":[{\"@type\":\"SearchAction\",\"target\":{\"@type\":\"EntryPoint\",\"urlTemplate\":\"https:\/\/diyetisyencemileaktas.com\/?s={search_term_string}\"},\"query-input\":{\"@type\":\"PropertyValueSpecification\",\"valueRequired\":true,\"valueName\":\"search_term_string\"}}],\"inLanguage\":\"tr\"}]}<\/script>\n<!-- \/ Yoast SEO plugin. -->","yoast_head_json":{"title":"Detayl\u0131 V\u00fccut \u00d6l\u00e7\u00fcm\u00fc - Diyetisyen Cemile Akta\u015f K\u00f6se","description":"Diyet dan\u0131\u015fmanl\u0131\u011f\u0131 alan t\u00fcm dan\u0131\u015fanlar\u0131ma her hafta \u00f6l\u00e7\u00fcm yapmaktay\u0131m. Detayl\u0131 bilgi i\u00e7in sayfay\u0131 inceleyebilirsiniz...","robots":{"index":"index","follow":"follow","max-snippet":"max-snippet:-1","max-image-preview":"max-image-preview:large","max-video-preview":"max-video-preview:-1"},"canonical":"https:\/\/diyetisyencemileaktas.com\/?page_id=4468","og_locale":"tr_TR","og_type":"article","og_title":"Detayl\u0131 V\u00fccut \u00d6l\u00e7\u00fcm\u00fc - Diyetisyen Cemile Akta\u015f K\u00f6se","og_description":"Diyet dan\u0131\u015fmanl\u0131\u011f\u0131 alan t\u00fcm dan\u0131\u015fanlar\u0131ma her hafta \u00f6l\u00e7\u00fcm yapmaktay\u0131m. Detayl\u0131 bilgi i\u00e7in sayfay\u0131 inceleyebilirsiniz...","og_url":"https:\/\/diyetisyencemileaktas.com\/?page_id=4468","og_site_name":"Diyetisyen Cemile Akta\u015f K\u00f6se","article_modified_time":"2024-11-10T23:09:09+00:00","og_image":[{"url":"https:\/\/diyetisyencemileaktas.com\/wp-content\/uploads\/2024\/11\/detayli-vucut_olcumu.jpg"}],"twitter_card":"summary_large_image","twitter_misc":{"Tahmini okuma s\u00fcresi":"1 dakika"},"schema":{"@context":"https:\/\/schema.org","@graph":[{"@type":"WebPage","@id":"https:\/\/diyetisyencemileaktas.com\/?page_id=4468","url":"https:\/\/diyetisyencemileaktas.com\/?page_id=4468","name":"Detayl\u0131 V\u00fccut \u00d6l\u00e7\u00fcm\u00fc - Diyetisyen Cemile Akta\u015f K\u00f6se","isPartOf":{"@id":"https:\/\/diyetisyencemileaktas.com\/#website"},"primaryImageOfPage":{"@id":"https:\/\/diyetisyencemileaktas.com\/?page_id=4468#primaryimage"},"image":{"@id":"https:\/\/diyetisyencemileaktas.com\/?page_id=4468#primaryimage"},"thumbnailUrl":"https:\/\/diyetisyencemileaktas.com\/wp-content\/uploads\/2024\/11\/detayli-vucut_olcumu.jpg","datePublished":"2024-11-10T21:43:09+00:00","dateModified":"2024-11-10T23:09:09+00:00","description":"Diyet dan\u0131\u015fmanl\u0131\u011f\u0131 alan t\u00fcm dan\u0131\u015fanlar\u0131ma her hafta \u00f6l\u00e7\u00fcm yapmaktay\u0131m. Detayl\u0131 bilgi i\u00e7in sayfay\u0131 inceleyebilirsiniz...","breadcrumb":{"@id":"https:\/\/diyetisyencemileaktas.com\/?page_id=4468#breadcrumb"},"inLanguage":"tr","potentialAction":[{"@type":"ReadAction","target":["https:\/\/diyetisyencemileaktas.com\/?page_id=4468"]}]},{"@type":"ImageObject","inLanguage":"tr","@id":"https:\/\/diyetisyencemileaktas.com\/?page_id=4468#primaryimage","url":"https:\/\/diyetisyencemileaktas.com\/wp-content\/uploads\/2024\/11\/detayli-vucut_olcumu.jpg","contentUrl":"https:\/\/diyetisyencemileaktas.com\/wp-content\/uploads\/2024\/11\/detayli-vucut_olcumu.jpg","width":700,"height":440},{"@type":"BreadcrumbList","@id":"https:\/\/diyetisyencemileaktas.com\/?page_id=4468#breadcrumb","itemListElement":[{"@type":"ListItem","position":1,"name":"Anasayfa","item":"https:\/\/diyetisyencemileaktas.com\/"},{"@type":"ListItem","position":2,"name":"Detayl\u0131 V\u00fccut \u00d6l\u00e7\u00fcm\u00fc"}]},{"@type":"WebSite","@id":"https:\/\/diyetisyencemileaktas.com\/#website","url":"https:\/\/diyetisyencemileaktas.com\/","name":"Diyetisyen Cemile Akta\u015f K\u00f6se","description":"","potentialAction":[{"@type":"SearchAction","target":{"@type":"EntryPoint","urlTemplate":"https:\/\/diyetisyencemileaktas.com\/?s={search_term_string}"},"query-input":{"@type":"PropertyValueSpecification","valueRequired":true,"valueName":"search_term_string"}}],"inLanguage":"tr"}]}},"_links":{"self":[{"href":"https:\/\/diyetisyencemileaktas.com\/index.php?rest_route=\/wp\/v2\/pages\/4468","targetHints":{"allow":["GET"]}}],"collection":[{"href":"https:\/\/diyetisyencemileaktas.com\/index.php?rest_route=\/wp\/v2\/pages"}],"about":[{"href":"https:\/\/diyetisyencemileaktas.com\/index.php?rest_route=\/wp\/v2\/types\/page"}],"author":[{"embeddable":true,"href":"https:\/\/diyetisyencemileaktas.com\/index.php?rest_route=\/wp\/v2\/users\/1"}],"replies":[{"embeddable":true,"href":"https:\/\/diyetisyencemileaktas.com\/index.php?rest_route=%2Fwp%2Fv2%2Fcomments&post=4468"}],"version-history":[{"count":4,"href":"https:\/\/diyetisyencemileaktas.com\/index.php?rest_route=\/wp\/v2\/pages\/4468\/revisions"}],"predecessor-version":[{"id":4472,"href":"https:\/\/diyetisyencemileaktas.com\/index.php?rest_route=\/wp\/v2\/pages\/4468\/revisions\/4472"}],"wp:attachment":[{"href":"https:\/\/diyetisyencemileaktas.com\/index.php?rest_route=%2Fwp%2Fv2%2Fmedia&parent=4468"}],"curies":[{"name":"wp","href":"https:\/\/api.w.org\/{rel}","templated":true}]}}