{"id":4473,"date":"2024-11-11T00:45:37","date_gmt":"2024-11-10T21:45:37","guid":{"rendered":"https:\/\/diyetisyencemileaktas.com\/?page_id=4473"},"modified":"2024-11-11T02:14:34","modified_gmt":"2024-11-10T23:14:34","slug":"kurumsal-beslenme","status":"publish","type":"page","link":"https:\/\/diyetisyencemileaktas.com\/?page_id=4473","title":{"rendered":"Kurumsal Beslenme"},"content":{"rendered":"\t\t<div data-elementor-type=\"wp-page\" data-elementor-id=\"4473\" class=\"elementor elementor-4473\">\n\t\t\t\t\t\t<section class=\"elementor-section elementor-top-section elementor-element elementor-element-9bd9cef bg-secondary-light elementor-section-boxed elementor-section-height-default elementor-section-height-default\" data-id=\"9bd9cef\" data-element_type=\"section\">\n\t\t\t\t\t\t<div class=\"elementor-container elementor-column-gap-default\">\n\t\t\t\t\t<div class=\"elementor-column elementor-col-50 elementor-top-column elementor-element elementor-element-804a914\" data-id=\"804a914\" data-element_type=\"column\">\n\t\t\t<div class=\"elementor-widget-wrap elementor-element-populated\">\n\t\t\t\t\t\t<div class=\"elementor-element elementor-element-afb4196 elementor-widget elementor-widget-pix-highlighted-text\" data-id=\"afb4196\" data-element_type=\"widget\" data-widget_type=\"pix-highlighted-text.default\">\n\t\t\t\t<div class=\"elementor-widget-container\">\n\t\t\t<div id=\"highlighted-text-105945880\" class=\"pix-highlighted-element text-left \"><h2 class=\"pix-highlighted-items \" style=\"\" data-anim-type=\"\" data-anim-delay=\"\"><span id=\"highlighted-text-105945880-0\" class=\"pix-highlight-bg align-middle2   elementor-repeater-item-b2f5606 highlighted-text-105945880-0 animate-in\" data-anim-type=\"highlight-grow\" data-anim-delay=\"200\"><span class=\"pix-highlighted-text  pix-highlight-item font-weight-normal  font-weight-bold heading-font text-heading-default\">Kurumsal Beslenme<\/span><\/span><\/h2><\/div>\t\t<\/div>\n\t\t\t\t<\/div>\n\t\t\t\t<div class=\"elementor-element elementor-element-3ccf8c2 elementor-widget elementor-widget-pix-text\" data-id=\"3ccf8c2\" data-element_type=\"widget\" data-widget_type=\"pix-text.default\">\n\t\t\t\t<div class=\"elementor-widget-container\">\n\t\t\t<div class=\"pix-el-text w-100 text-left \" ><p class=\"resp-option text-left \"><p>Kurumsal beslenme program\u0131, \u015firketlerin \u00e7al\u0131\u015fanlar\u0131 ve y\u00f6neticilerine y\u00f6nelik haz\u0131rlanan beslenme dan\u0131\u015fmanl\u0131\u011f\u0131 ve e\u011fitim hizmetleridir.<\/p><\/p><\/div>\t\t<\/div>\n\t\t\t\t<\/div>\n\t\t\t\t<div class=\"elementor-element elementor-element-c00c8aa elementor-widget__width-auto elementor-widget elementor-widget-pix-button\" data-id=\"c00c8aa\" data-element_type=\"widget\" data-widget_type=\"pix-button.default\">\n\t\t\t\t<div class=\"elementor-widget-container\">\n\t\t\t<a  href=\"https:\/\/diyetisyencemileaktas.com\/hizmetler\/\" class=\"btn m-0     shadow-sm btn-secondary d-inline-block pix-hover-item       btn-lg\"     ><i class=\"font-weight-bold pixicon-bars-menu  pix-hover-left  mr-1\"><\/i> <span class=\"font-weight-bold \" >Hizmetler<\/span><\/a>\t\t<\/div>\n\t\t\t\t<\/div>\n\t\t\t\t<div class=\"elementor-element elementor-element-d9a8184 elementor-widget__width-auto elementor-widget elementor-widget-pix-button\" data-id=\"d9a8184\" data-element_type=\"widget\" data-widget_type=\"pix-button.default\">\n\t\t\t\t<div class=\"elementor-widget-container\">\n\t\t\t<a  href=\"https:\/\/diyetisyencemileaktas.com\/iletisim\/\" class=\"btn m-0     shadow-sm text-heading-default btn-white d-inline-block pix-hover-item       btn-lg\"     ><i class=\"font-weight-bold pixicon-phone  pix-hover-left  mr-1\"><\/i> <span class=\"font-weight-bold \" >\u0130leti\u015fim<\/span><\/a>\t\t<\/div>\n\t\t\t\t<\/div>\n\t\t\t\t\t<\/div>\n\t\t<\/div>\n\t\t\t\t<div class=\"elementor-column elementor-col-50 elementor-top-column elementor-element elementor-element-b91a593\" data-id=\"b91a593\" data-element_type=\"column\">\n\t\t\t<div class=\"elementor-widget-wrap elementor-element-populated\">\n\t\t\t\t\t\t<div class=\"elementor-element elementor-element-62048a4 elementor-widget elementor-widget-pix-img\" data-id=\"62048a4\" data-element_type=\"widget\" data-widget_type=\"pix-img.default\">\n\t\t\t\t<div class=\"elementor-widget-container\">\n\t\t\t<div class=\"d-inline-block \" ><div class=\"pix-img-el    shadow-lg shadow-hover-lg scale-sm text-center d-inline-block  w-100 rounded-10\"  data-jarallax-element=\"50 0\" data-xaxis=\"50\" data-yaxis=\"0\"><img fetchpriority=\"high\" decoding=\"async\" class=\"card-img2 pix-img-elem rounded-10  h-1002\" style=\"height:auto;\" width=\"700\" height=\"440\" srcset=\"https:\/\/diyetisyencemileaktas.com\/wp-content\/uploads\/2024\/11\/kurumsal_beslenme.jpg 700w, https:\/\/diyetisyencemileaktas.com\/wp-content\/uploads\/2024\/11\/kurumsal_beslenme-300x189.jpg 300w\" sizes=\"(max-width: 700px) 100vw, 700px\" src=\"https:\/\/diyetisyencemileaktas.com\/wp-content\/uploads\/2024\/11\/kurumsal_beslenme.jpg\" alt=\"Image link\" \/><\/div><\/div>\t\t<\/div>\n\t\t\t\t<\/div>\n\t\t\t\t\t<\/div>\n\t\t<\/div>\n\t\t\t\t\t<\/div>\n\t\t<\/section>\n\t\t\t\t<section class=\"elementor-section elementor-top-section elementor-element elementor-element-78ede64 elementor-section-full_width elementor-section-height-default elementor-section-height-default\" data-id=\"78ede64\" data-element_type=\"section\">\n\t\t\t\t\t\t<div class=\"elementor-container elementor-column-gap-no\">\n\t\t\t\t\t<div class=\"elementor-column elementor-col-100 elementor-top-column elementor-element elementor-element-5575a22\" data-id=\"5575a22\" data-element_type=\"column\">\n\t\t\t<div class=\"elementor-widget-wrap elementor-element-populated\">\n\t\t\t\t\t\t<div class=\"elementor-element elementor-element-27faae1 elementor-widget elementor-widget-pix-dividers\" data-id=\"27faae1\" data-element_type=\"widget\" data-widget_type=\"pix-dividers.default\">\n\t\t\t\t<div class=\"elementor-widget-container\">\n\t\t\t<div class=\"pix-divider  position-relative pix-bottom-divider\" data-style=\"style-8\" ><svg xmlns=\"http:\/\/www.w3.org\/2000\/svg\" width=\"100%\" height=\"300px\" viewBox=\"0 0 1200 366\" preserveAspectRatio=\"none\"><polygon fill=\"url(#divider-pix-accordion-346440-bottom-overlay-layer-3)\" points=\"0 240 1200 0 1200 366 0 366\" \/><polygon fill=\"url(#divider-pix-accordion-346440-bottom-overlay-layer-2)\" points=\"0 300 1200 60 1200 366 0 366\"  \/><polygon fill=\"#ffffff\" points=\"0 360 1200 120 1200 366 0 366\"\/><defs><linearGradient id=\"divider-pix-accordion-346440-bottom-overlay-layer-3\" x1=\"0%\" y1=\"0%\" x2=\"100%\" y2=\"0%\"><stop offset=\"0%\"   stop-color=\"#00000014\"\/><stop offset=\"100%\"   stop-color=\"#FFFFFF03\"\/><\/linearGradient><linearGradient id=\"divider-pix-accordion-346440-bottom-overlay-layer-2\" x1=\"0%\" y1=\"0%\" x2=\"100%\" y2=\"0%\"><stop offset=\"0%\"   stop-color=\"#FFFFFF03\"\/><stop offset=\"100%\"   stop-color=\"#FFFFFF03\"\/><\/linearGradient><\/defs><\/svg><\/div>\t\t<\/div>\n\t\t\t\t<\/div>\n\t\t\t\t\t<\/div>\n\t\t<\/div>\n\t\t\t\t\t<\/div>\n\t\t<\/section>\n\t\t\t\t<section class=\"elementor-section elementor-top-section elementor-element elementor-element-a4ebe54 elementor-section-boxed elementor-section-height-default elementor-section-height-default\" data-id=\"a4ebe54\" data-element_type=\"section\">\n\t\t\t\t\t\t<div class=\"elementor-container elementor-column-gap-default\">\n\t\t\t\t\t<div class=\"elementor-column elementor-col-100 elementor-top-column elementor-element elementor-element-1b64927\" data-id=\"1b64927\" data-element_type=\"column\">\n\t\t\t<div class=\"elementor-widget-wrap elementor-element-populated\">\n\t\t\t\t\t\t<section class=\"elementor-section elementor-inner-section elementor-element elementor-element-d5b253b elementor-section-boxed elementor-section-height-default elementor-section-height-default\" data-id=\"d5b253b\" data-element_type=\"section\">\n\t\t\t\t\t\t<div class=\"elementor-container elementor-column-gap-default\">\n\t\t\t\t\t<div class=\"elementor-column elementor-col-50 elementor-inner-column elementor-element elementor-element-61bd337\" data-id=\"61bd337\" data-element_type=\"column\">\n\t\t\t<div class=\"elementor-widget-wrap elementor-element-populated\">\n\t\t\t\t\t\t<div class=\"elementor-element elementor-element-ded345f elementor-widget elementor-widget-pix-text\" data-id=\"ded345f\" data-element_type=\"widget\" data-widget_type=\"pix-text.default\">\n\t\t\t\t<div class=\"elementor-widget-container\">\n\t\t\t<div class=\"pix-el-text w-100 text-left \" ><p class=\"resp-option text-left \"><h4>Bu hizmetin i\u00e7erisinde;<\/h4><p>\u00a0<\/p><p>* Bireysel beslenme dan\u0131\u015fmanl\u0131\u011f\u0131<\/p><p>* V\u00fccut analizi ve de\u011ferlendirme<\/p><p>* \u00dcr\u00fcn ve i\u00e7erik planlama dan\u0131\u015fmanl\u0131\u011f\u0131<\/p><p>* Kilo y\u00f6netimi ve kontrol\u00fc<\/p><p>* Hastal\u0131k ama\u00e7l\u0131 diyet deste\u011fi<\/p><p>* \u015eirket i\u00e7i sa\u011fl\u0131kl\u0131 mutfak uygulamalar\u0131<\/p><p>* G\u0131da sat\u0131n alma, mutfak e\u011fitimi programlar\u0131 ve sa\u011fl\u0131kl\u0131 men\u00fc olu\u015fturma<\/p><p>* Seminerler<\/p><\/p><\/div>\t\t<\/div>\n\t\t\t\t<\/div>\n\t\t\t\t\t<\/div>\n\t\t<\/div>\n\t\t\t\t<div class=\"elementor-column elementor-col-50 elementor-inner-column elementor-element elementor-element-5b924b1\" data-id=\"5b924b1\" data-element_type=\"column\" data-settings=\"{&quot;background_background&quot;:&quot;classic&quot;}\">\n\t\t\t<div class=\"elementor-widget-wrap elementor-element-populated\">\n\t\t\t\t\t\t<div class=\"elementor-element elementor-element-0374ac9 elementor-widget elementor-widget-pix-highlighted-text\" data-id=\"0374ac9\" data-element_type=\"widget\" data-widget_type=\"pix-highlighted-text.default\">\n\t\t\t\t<div class=\"elementor-widget-container\">\n\t\t\t<div id=\"highlighted-text-164594446\" class=\"pix-highlighted-element text-left \"><h3 class=\"pix-highlighted-items \" style=\"\" data-anim-type=\"\" data-anim-delay=\"\"><span id=\"highlighted-text-164594446-0\" class=\" elementor-repeater-item-482f712\"><span class=\"pix-highlighted-text pix-highlight-item font-weight-normal  heading-font text-heading-default\">Peki ne i\u015fe yarar ?<\/span><\/span><\/h3><\/div>\t\t<\/div>\n\t\t\t\t<\/div>\n\t\t\t\t<div class=\"elementor-element elementor-element-e698c5e elementor-widget elementor-widget-pix-text\" data-id=\"e698c5e\" data-element_type=\"widget\" data-widget_type=\"pix-text.default\">\n\t\t\t\t<div class=\"elementor-widget-container\">\n\t\t\t<div class=\"pix-el-text w-100 text-left \" ><p class=\"resp-option text-left \"><ol><li><h5>\u00c7al\u0131\u015fanlar\u0131n sa\u011fl\u0131kl\u0131 olmas\u0131 i\u015flerin verimlili\u011fini artt\u0131r\u0131r.<\/h5><\/li><li><h5>\u00c7al\u0131\u015fanlar\u0131n dikkat ve konsantrasyonunu artt\u0131r\u0131r.<\/h5><\/li><li><h5>Sa\u011fl\u0131k harcamalar\u0131nda d\u00fc\u015f\u00fc\u015f<\/h5><\/li><li><h5>Motivasyon y\u00fcksekli\u011fi<\/h5><\/li><li><h5>\u0130\u015f ba\u015far\u0131lar\u0131nda art\u0131\u015f<\/h5><\/li><li><h5>Do\u011fru men\u00fc planlamas\u0131yla mutfakta at\u0131klar\u0131n azalmas\u0131<\/h5><\/li><\/ol><\/p><\/div>\t\t<\/div>\n\t\t\t\t<\/div>\n\t\t\t\t\t<\/div>\n\t\t<\/div>\n\t\t\t\t\t<\/div>\n\t\t<\/section>\n\t\t\t\t<section class=\"elementor-section elementor-inner-section elementor-element elementor-element-ec3c376 elementor-section-boxed elementor-section-height-default elementor-section-height-default\" data-id=\"ec3c376\" data-element_type=\"section\">\n\t\t\t\t\t\t<div class=\"elementor-container elementor-column-gap-default\">\n\t\t\t\t\t<div class=\"elementor-column elementor-col-100 elementor-inner-column elementor-element elementor-element-73bc3f0\" data-id=\"73bc3f0\" data-element_type=\"column\">\n\t\t\t<div class=\"elementor-widget-wrap elementor-element-populated\">\n\t\t\t\t\t\t<div class=\"elementor-element elementor-element-479543b elementor-widget elementor-widget-pix-button\" data-id=\"479543b\" data-element_type=\"widget\" data-widget_type=\"pix-button.default\">\n\t\t\t\t<div class=\"elementor-widget-container\">\n\t\t\t<div class=\"d-block w-100 text-center\"><a  href=\"https:\/\/diyetisyencemileaktas.com\/iletisim\/\" class=\"btn m-0     shadow-sm btn-secondary d-inline-block pix-hover-item       pix-btn-div btn-lg\"     ><i class=\"font-weight-bold pixicon-messages-2  pix-hover-left  mr-1\"><\/i> <span class=\"font-weight-bold \" >\u0130leti\u015fim<\/span><\/a><\/div>\t\t<\/div>\n\t\t\t\t<\/div>\n\t\t\t\t\t<\/div>\n\t\t<\/div>\n\t\t\t\t\t<\/div>\n\t\t<\/section>\n\t\t\t\t\t<\/div>\n\t\t<\/div>\n\t\t\t\t\t<\/div>\n\t\t<\/section>\n\t\t\t\t<\/div>\n\t\t","protected":false},"excerpt":{"rendered":"<p>Kurumsal Beslenme Kurumsal beslenme program\u0131, \u015firketlerin \u00e7al\u0131\u015fanlar\u0131 ve y\u00f6neticilerine y\u00f6nelik haz\u0131rlanan beslenme dan\u0131\u015fmanl\u0131\u011f\u0131 ve e\u011fitim hizmetleridir. Hizmetler \u0130leti\u015fim Bu hizmetin i\u00e7erisinde; \u00a0 * Bireysel beslenme dan\u0131\u015fmanl\u0131\u011f\u0131 * V\u00fccut analizi ve de\u011ferlendirme * \u00dcr\u00fcn ve i\u00e7erik planlama dan\u0131\u015fmanl\u0131\u011f\u0131 * Kilo y\u00f6netimi&#8230;<\/p>\n","protected":false},"author":1,"featured_media":0,"parent":0,"menu_order":0,"comment_status":"closed","ping_status":"closed","template":"","meta":{"footnotes":""},"class_list":["post-4473","page","type-page","status-publish","hentry"],"yoast_head":"<!-- This site is optimized with the Yoast SEO plugin v23.8 - https:\/\/yoast.com\/wordpress\/plugins\/seo\/ -->\n<title>Kurumsal Beslenme - Diyetisyen Cemile Akta\u015f K\u00f6se<\/title>\n<meta name=\"description\" content=\"Kurumsal beslenme program\u0131, \u015firketlerin \u00e7al\u0131\u015fanlar\u0131 ve y\u00f6neticilerine y\u00f6nelik haz\u0131rlanan beslenme dan\u0131\u015fmanl\u0131\u011f\u0131 ve e\u011fitim hizmetleridir...\" \/>\n<meta name=\"robots\" content=\"index, follow, max-snippet:-1, max-image-preview:large, max-video-preview:-1\" \/>\n<link rel=\"canonical\" href=\"https:\/\/diyetisyencemileaktas.com\/?page_id=4473\" \/>\n<meta property=\"og:locale\" content=\"tr_TR\" \/>\n<meta property=\"og:type\" content=\"article\" \/>\n<meta property=\"og:title\" content=\"Kurumsal Beslenme - Diyetisyen Cemile Akta\u015f K\u00f6se\" \/>\n<meta property=\"og:description\" content=\"Kurumsal beslenme program\u0131, \u015firketlerin \u00e7al\u0131\u015fanlar\u0131 ve y\u00f6neticilerine y\u00f6nelik haz\u0131rlanan beslenme dan\u0131\u015fmanl\u0131\u011f\u0131 ve e\u011fitim hizmetleridir...\" \/>\n<meta property=\"og:url\" content=\"https:\/\/diyetisyencemileaktas.com\/?page_id=4473\" \/>\n<meta property=\"og:site_name\" content=\"Diyetisyen Cemile Akta\u015f K\u00f6se\" \/>\n<meta property=\"article:modified_time\" content=\"2024-11-10T23:14:34+00:00\" \/>\n<meta property=\"og:image\" content=\"https:\/\/diyetisyencemileaktas.com\/wp-content\/uploads\/2024\/11\/kurumsal_beslenme.jpg\" \/>\n<meta name=\"twitter:card\" content=\"summary_large_image\" \/>\n<meta name=\"twitter:label1\" content=\"Tahmini okuma s\u00fcresi\" \/>\n\t<meta name=\"twitter:data1\" content=\"1 dakika\" \/>\n<script type=\"application\/ld+json\" class=\"yoast-schema-graph\">{\"@context\":\"https:\/\/schema.org\",\"@graph\":[{\"@type\":\"WebPage\",\"@id\":\"https:\/\/diyetisyencemileaktas.com\/?page_id=4473\",\"url\":\"https:\/\/diyetisyencemileaktas.com\/?page_id=4473\",\"name\":\"Kurumsal Beslenme - Diyetisyen Cemile Akta\u015f K\u00f6se\",\"isPartOf\":{\"@id\":\"https:\/\/diyetisyencemileaktas.com\/#website\"},\"primaryImageOfPage\":{\"@id\":\"https:\/\/diyetisyencemileaktas.com\/?page_id=4473#primaryimage\"},\"image\":{\"@id\":\"https:\/\/diyetisyencemileaktas.com\/?page_id=4473#primaryimage\"},\"thumbnailUrl\":\"https:\/\/diyetisyencemileaktas.com\/wp-content\/uploads\/2024\/11\/kurumsal_beslenme.jpg\",\"datePublished\":\"2024-11-10T21:45:37+00:00\",\"dateModified\":\"2024-11-10T23:14:34+00:00\",\"description\":\"Kurumsal beslenme program\u0131, \u015firketlerin \u00e7al\u0131\u015fanlar\u0131 ve y\u00f6neticilerine y\u00f6nelik haz\u0131rlanan beslenme dan\u0131\u015fmanl\u0131\u011f\u0131 ve e\u011fitim hizmetleridir...\",\"breadcrumb\":{\"@id\":\"https:\/\/diyetisyencemileaktas.com\/?page_id=4473#breadcrumb\"},\"inLanguage\":\"tr\",\"potentialAction\":[{\"@type\":\"ReadAction\",\"target\":[\"https:\/\/diyetisyencemileaktas.com\/?page_id=4473\"]}]},{\"@type\":\"ImageObject\",\"inLanguage\":\"tr\",\"@id\":\"https:\/\/diyetisyencemileaktas.com\/?page_id=4473#primaryimage\",\"url\":\"https:\/\/diyetisyencemileaktas.com\/wp-content\/uploads\/2024\/11\/kurumsal_beslenme.jpg\",\"contentUrl\":\"https:\/\/diyetisyencemileaktas.com\/wp-content\/uploads\/2024\/11\/kurumsal_beslenme.jpg\",\"width\":700,\"height\":440},{\"@type\":\"BreadcrumbList\",\"@id\":\"https:\/\/diyetisyencemileaktas.com\/?page_id=4473#breadcrumb\",\"itemListElement\":[{\"@type\":\"ListItem\",\"position\":1,\"name\":\"Anasayfa\",\"item\":\"https:\/\/diyetisyencemileaktas.com\/\"},{\"@type\":\"ListItem\",\"position\":2,\"name\":\"Kurumsal Beslenme\"}]},{\"@type\":\"WebSite\",\"@id\":\"https:\/\/diyetisyencemileaktas.com\/#website\",\"url\":\"https:\/\/diyetisyencemileaktas.com\/\",\"name\":\"Diyetisyen Cemile Akta\u015f K\u00f6se\",\"description\":\"\",\"potentialAction\":[{\"@type\":\"SearchAction\",\"target\":{\"@type\":\"EntryPoint\",\"urlTemplate\":\"https:\/\/diyetisyencemileaktas.com\/?s={search_term_string}\"},\"query-input\":{\"@type\":\"PropertyValueSpecification\",\"valueRequired\":true,\"valueName\":\"search_term_string\"}}],\"inLanguage\":\"tr\"}]}<\/script>\n<!-- \/ Yoast SEO plugin. -->","yoast_head_json":{"title":"Kurumsal Beslenme - Diyetisyen Cemile Akta\u015f K\u00f6se","description":"Kurumsal beslenme program\u0131, \u015firketlerin \u00e7al\u0131\u015fanlar\u0131 ve y\u00f6neticilerine y\u00f6nelik haz\u0131rlanan beslenme dan\u0131\u015fmanl\u0131\u011f\u0131 ve e\u011fitim hizmetleridir...","robots":{"index":"index","follow":"follow","max-snippet":"max-snippet:-1","max-image-preview":"max-image-preview:large","max-video-preview":"max-video-preview:-1"},"canonical":"https:\/\/diyetisyencemileaktas.com\/?page_id=4473","og_locale":"tr_TR","og_type":"article","og_title":"Kurumsal Beslenme - Diyetisyen Cemile Akta\u015f K\u00f6se","og_description":"Kurumsal beslenme program\u0131, \u015firketlerin \u00e7al\u0131\u015fanlar\u0131 ve y\u00f6neticilerine y\u00f6nelik haz\u0131rlanan beslenme dan\u0131\u015fmanl\u0131\u011f\u0131 ve e\u011fitim hizmetleridir...","og_url":"https:\/\/diyetisyencemileaktas.com\/?page_id=4473","og_site_name":"Diyetisyen Cemile Akta\u015f K\u00f6se","article_modified_time":"2024-11-10T23:14:34+00:00","og_image":[{"url":"https:\/\/diyetisyencemileaktas.com\/wp-content\/uploads\/2024\/11\/kurumsal_beslenme.jpg"}],"twitter_card":"summary_large_image","twitter_misc":{"Tahmini okuma s\u00fcresi":"1 dakika"},"schema":{"@context":"https:\/\/schema.org","@graph":[{"@type":"WebPage","@id":"https:\/\/diyetisyencemileaktas.com\/?page_id=4473","url":"https:\/\/diyetisyencemileaktas.com\/?page_id=4473","name":"Kurumsal Beslenme - Diyetisyen Cemile Akta\u015f K\u00f6se","isPartOf":{"@id":"https:\/\/diyetisyencemileaktas.com\/#website"},"primaryImageOfPage":{"@id":"https:\/\/diyetisyencemileaktas.com\/?page_id=4473#primaryimage"},"image":{"@id":"https:\/\/diyetisyencemileaktas.com\/?page_id=4473#primaryimage"},"thumbnailUrl":"https:\/\/diyetisyencemileaktas.com\/wp-content\/uploads\/2024\/11\/kurumsal_beslenme.jpg","datePublished":"2024-11-10T21:45:37+00:00","dateModified":"2024-11-10T23:14:34+00:00","description":"Kurumsal beslenme program\u0131, \u015firketlerin \u00e7al\u0131\u015fanlar\u0131 ve y\u00f6neticilerine y\u00f6nelik haz\u0131rlanan beslenme dan\u0131\u015fmanl\u0131\u011f\u0131 ve e\u011fitim hizmetleridir...","breadcrumb":{"@id":"https:\/\/diyetisyencemileaktas.com\/?page_id=4473#breadcrumb"},"inLanguage":"tr","potentialAction":[{"@type":"ReadAction","target":["https:\/\/diyetisyencemileaktas.com\/?page_id=4473"]}]},{"@type":"ImageObject","inLanguage":"tr","@id":"https:\/\/diyetisyencemileaktas.com\/?page_id=4473#primaryimage","url":"https:\/\/diyetisyencemileaktas.com\/wp-content\/uploads\/2024\/11\/kurumsal_beslenme.jpg","contentUrl":"https:\/\/diyetisyencemileaktas.com\/wp-content\/uploads\/2024\/11\/kurumsal_beslenme.jpg","width":700,"height":440},{"@type":"BreadcrumbList","@id":"https:\/\/diyetisyencemileaktas.com\/?page_id=4473#breadcrumb","itemListElement":[{"@type":"ListItem","position":1,"name":"Anasayfa","item":"https:\/\/diyetisyencemileaktas.com\/"},{"@type":"ListItem","position":2,"name":"Kurumsal Beslenme"}]},{"@type":"WebSite","@id":"https:\/\/diyetisyencemileaktas.com\/#website","url":"https:\/\/diyetisyencemileaktas.com\/","name":"Diyetisyen Cemile Akta\u015f K\u00f6se","description":"","potentialAction":[{"@type":"SearchAction","target":{"@type":"EntryPoint","urlTemplate":"https:\/\/diyetisyencemileaktas.com\/?s={search_term_string}"},"query-input":{"@type":"PropertyValueSpecification","valueRequired":true,"valueName":"search_term_string"}}],"inLanguage":"tr"}]}},"_links":{"self":[{"href":"https:\/\/diyetisyencemileaktas.com\/index.php?rest_route=\/wp\/v2\/pages\/4473","targetHints":{"allow":["GET"]}}],"collection":[{"href":"https:\/\/diyetisyencemileaktas.com\/index.php?rest_route=\/wp\/v2\/pages"}],"about":[{"href":"https:\/\/diyetisyencemileaktas.com\/index.php?rest_route=\/wp\/v2\/types\/page"}],"author":[{"embeddable":true,"href":"https:\/\/diyetisyencemileaktas.com\/index.php?rest_route=\/wp\/v2\/users\/1"}],"replies":[{"embeddable":true,"href":"https:\/\/diyetisyencemileaktas.com\/index.php?rest_route=%2Fwp%2Fv2%2Fcomments&post=4473"}],"version-history":[{"count":7,"href":"https:\/\/diyetisyencemileaktas.com\/index.php?rest_route=\/wp\/v2\/pages\/4473\/revisions"}],"predecessor-version":[{"id":4480,"href":"https:\/\/diyetisyencemileaktas.com\/index.php?rest_route=\/wp\/v2\/pages\/4473\/revisions\/4480"}],"wp:attachment":[{"href":"https:\/\/diyetisyencemileaktas.com\/index.php?rest_route=%2Fwp%2Fv2%2Fmedia&parent=4473"}],"curies":[{"name":"wp","href":"https:\/\/api.w.org\/{rel}","templated":true}]}}